{"id":1007,"date":"2024-08-03T15:21:43","date_gmt":"2024-08-03T15:21:43","guid":{"rendered":"https:\/\/missmuffin.dating\/dinner-dates\/"},"modified":"2026-02-18T05:43:10","modified_gmt":"2026-02-18T05:43:10","slug":"dinner-dates","status":"publish","type":"page","link":"https:\/\/missmuffin.dating\/de\/dinner-dates\/","title":{"rendered":"Dinner Dates"},"content":{"rendered":"<p>[et_pb_section fb_built=&#8220;1&#8243; admin_label=&#8220;Header&#8220; _builder_version=&#8220;4.16&#8243; background_color=&#8220;#f2f5ff&#8220; background_image=&#8220;https:\/\/missmuffin.dating\/wp-content\/uploads\/2024\/08\/candy-shop-10-2.jpg&#8220; background_size=&#8220;contain&#8220; background_position=&#8220;top_center&#8220; custom_padding=&#8220;||90px|||&#8220; global_colors_info=&#8220;{}&#8220;][et_pb_row _builder_version=&#8220;4.16&#8243; global_colors_info=&#8220;{}&#8220;][et_pb_column type=&#8220;4_4&#8243; _builder_version=&#8220;4.16&#8243; custom_padding=&#8220;|||&#8220; global_colors_info=&#8220;{}&#8220; custom_padding__hover=&#8220;|||&#8220;][et_pb_text _builder_version=&#8220;4.27.0&#8243; text_font=&#8220;||||||||&#8220; header_font=&#8220;||||||||&#8220; header_2_font=&#8220;Concert One|700||on|||||&#8220; header_2_text_color=&#8220;#ffffff&#8220; header_2_font_size=&#8220;140px&#8220; text_orientation=&#8220;center&#8220; custom_margin=&#8220;|-40px||&#8220; custom_margin_tablet=&#8220;&#8220; custom_margin_phone=&#8220;|0px||&#8220; custom_margin_last_edited=&#8220;on|desktop&#8220; header_2_font_size_tablet=&#8220;80px&#8220; header_2_font_size_phone=&#8220;56px&#8220; header_2_font_size_last_edited=&#8220;on|phone&#8220; header_2_text_shadow_style=&#8220;preset2&#8243; header_2_text_shadow_color=&#8220;rgba(10,45,97,0.16)&#8220; text_text_align=&#8220;center&#8220; locked=&#8220;off&#8220; global_colors_info=&#8220;{}&#8220;]<\/p>\n<h2>Lasst uns was essen gehen!<\/h2>\n<p>[\/et_pb_text][et_pb_text _builder_version=&#8220;4.27.0&#8243; text_font=&#8220;||||||||&#8220; header_font=&#8220;Concert One||||||||&#8220; header_text_color=&#8220;#0a2d61&#8243; header_font_size=&#8220;80px&#8220; header_letter_spacing=&#8220;-3px&#8220; text_orientation=&#8220;center&#8220; max_width=&#8220;700px&#8220; module_alignment=&#8220;center&#8220; custom_margin=&#8220;-84px||&#8220; custom_margin_tablet=&#8220;-30px||&#8220; custom_margin_phone=&#8220;&#8220; custom_margin_last_edited=&#8220;on|desktop&#8220; header_font_size_tablet=&#8220;60px&#8220; header_font_size_phone=&#8220;40px&#8220; header_font_size_last_edited=&#8220;on|phone&#8220; text_text_align=&#8220;center&#8220; locked=&#8220;off&#8220; global_colors_info=&#8220;{}&#8220;]<\/p>\n<h1>Mittag-\/Brunch-\/Abendessen-Dates<\/h1>\n<p>[\/et_pb_text][\/et_pb_column][\/et_pb_row][et_pb_row column_structure=&#8220;1_2,1_2&#8243; _builder_version=&#8220;4.16&#8243; global_colors_info=&#8220;{}&#8220;][et_pb_column type=&#8220;1_2&#8243; _builder_version=&#8220;4.16&#8243; custom_padding=&#8220;|||&#8220; global_colors_info=&#8220;{}&#8220; custom_padding__hover=&#8220;|||&#8220;][et_pb_blurb title=&#8220;Unterhaltet euch, lacht und verf\u00fchrt einander!&#8220; use_icon=&#8220;on&#8220; font_icon=&#8220;&#xf5ce;||fa||900&#8243; content_max_width=&#8220;1000px&#8220; _builder_version=&#8220;4.27.4&#8243; header_font=&#8220;Concert One||||||||&#8220; header_font_size=&#8220;22px&#8220; header_letter_spacing=&#8220;-1px&#8220; header_line_height=&#8220;1.1em&#8220; background_color=&#8220;#ffffff&#8220; use_background_color_gradient=&#8220;on&#8220; background_color_gradient_direction=&#8220;151deg&#8220; background_color_gradient_stops=&#8220;#ff3d97 0%|#f4346c 100%&#8220; background_color_gradient_start=&#8220;#ff3d97&#8243; background_color_gradient_end=&#8220;#f4346c&#8220; background_image=&#8220;https:\/\/missmuffin.dating\/wp-content\/uploads\/2025\/01\/IMG_0724.jpg&#8220; background_position=&#8220;bottom_center&#8220; background_vertical_offset=&#8220;32%&#8220; transform_scale_last_edited=&#8220;off|desktop&#8220; transform_translate_last_edited=&#8220;off|desktop&#8220; transform_rotate_last_edited=&#8220;off|desktop&#8220; transform_skew_last_edited=&#8220;off|desktop&#8220; transform_origin_last_edited=&#8220;off|desktop&#8220; transform_styles_last_edited=&#8220;off|desktop&#8220; text_orientation=&#8220;center&#8220; background_layout=&#8220;dark&#8220; custom_padding=&#8220;157px|20px|157px|20px|true|true&#8220; custom_padding_tablet=&#8220;30px||30px||true&#8220; custom_padding_phone=&#8220;&#8220; custom_padding_last_edited=&#8220;on|desktop&#8220; animation=&#8220;off&#8220; link_option_url=&#8220;#&#8220; header_font_size_tablet=&#8220;20px&#8220; header_font_size_phone=&#8220;&#8220; header_font_size_last_edited=&#8220;on|phone&#8220; border_radii=&#8220;on|20px|20px|20px|20px&#8220; box_shadow_style=&#8220;preset1&#8243; box_shadow_horizontal=&#8220;20px&#8220; box_shadow_vertical=&#8220;40px&#8220; box_shadow_blur=&#8220;90px&#8220; box_shadow_color=&#8220;rgba(10,45,97,0.1)&#8220; locked=&#8220;off&#8220; global_colors_info=&#8220;{}&#8220; transform_styles__hover_enabled=&#8220;on&#8220; transform_scale__hover=&#8220;110%|110%&#8220; transform_scale__hover_enabled=&#8220;on&#8220; transform_translate__hover_enabled=&#8220;on&#8220; transform_rotate__hover_enabled=&#8220;on&#8220; transform_skew__hover_enabled=&#8220;on&#8220; transform_origin__hover_enabled=&#8220;on&#8220;][\/et_pb_blurb][\/et_pb_column][et_pb_column type=&#8220;1_2&#8243; _builder_version=&#8220;4.16&#8243; custom_padding=&#8220;|||&#8220; global_colors_info=&#8220;{}&#8220; custom_padding__hover=&#8220;|||&#8220;][et_pb_blurb title=&#8220;Restaurant Magic!&#8220; use_icon=&#8220;on&#8220; font_icon=&#8220;&#xf2e7;||fa||900&#8243; icon_color=&#8220;#ffffff&#8220; content_max_width=&#8220;1000px&#8220; _builder_version=&#8220;4.27.0&#8243; header_font=&#8220;Concert One||||||||&#8220; header_font_size=&#8220;22px&#8220; header_letter_spacing=&#8220;-1px&#8220; header_line_height=&#8220;1.1em&#8220; background_color=&#8220;#ffffff&#8220; use_background_color_gradient=&#8220;on&#8220; background_color_gradient_direction=&#8220;168deg&#8220; background_color_gradient_stops=&#8220;#fdc6f2 0%|#4DB9FF 100%&#8220; background_color_gradient_start=&#8220;#fdc6f2&#8243; background_color_gradient_end=&#8220;#4DB9FF&#8220; transform_scale_last_edited=&#8220;off|desktop&#8220; transform_translate_last_edited=&#8220;off|desktop&#8220; transform_rotate_last_edited=&#8220;off|desktop&#8220; transform_skew_last_edited=&#8220;off|desktop&#8220; transform_origin_last_edited=&#8220;off|desktop&#8220; transform_styles_last_edited=&#8220;off|desktop&#8220; text_orientation=&#8220;center&#8220; background_layout=&#8220;dark&#8220; custom_padding=&#8220;30px|20px|30px|20px|true|true&#8220; animation=&#8220;off&#8220; link_option_url=&#8220;#&#8220; header_font_size_tablet=&#8220;20px&#8220; header_font_size_phone=&#8220;&#8220; header_font_size_last_edited=&#8220;on|phone&#8220; border_radii=&#8220;on|20px|20px|20px|20px&#8220; box_shadow_style=&#8220;preset1&#8243; box_shadow_horizontal=&#8220;20px&#8220; box_shadow_vertical=&#8220;40px&#8220; box_shadow_blur=&#8220;90px&#8220; box_shadow_color=&#8220;rgba(10,45,97,0.1)&#8220; locked=&#8220;off&#8220; global_colors_info=&#8220;{}&#8220; transform_styles__hover_enabled=&#8220;on&#8220; transform_scale__hover=&#8220;110%|110%&#8220; transform_scale__hover_enabled=&#8220;on&#8220; transform_translate__hover_enabled=&#8220;on&#8220; transform_rotate__hover_enabled=&#8220;on&#8220; transform_skew__hover_enabled=&#8220;on&#8220; transform_origin__hover_enabled=&#8220;on&#8220;][\/et_pb_blurb][et_pb_blurb title=&#8220;Genie\u00dfe es einfach!&#8220; use_icon=&#8220;on&#8220; font_icon=&#8220;&#xf004;||fa||900&#8243; content_max_width=&#8220;1000px&#8220; _builder_version=&#8220;4.27.0&#8243; header_font=&#8220;Concert One||||||||&#8220; header_font_size=&#8220;22px&#8220; header_letter_spacing=&#8220;-1px&#8220; header_line_height=&#8220;1.1em&#8220; background_color=&#8220;#ffffff&#8220; transform_scale_last_edited=&#8220;off|desktop&#8220; transform_translate_last_edited=&#8220;off|desktop&#8220; transform_rotate_last_edited=&#8220;off|desktop&#8220; transform_skew_last_edited=&#8220;off|desktop&#8220; transform_origin_last_edited=&#8220;off|desktop&#8220; transform_styles_last_edited=&#8220;off|desktop&#8220; text_orientation=&#8220;center&#8220; custom_padding=&#8220;30px|20px|30px|20px|true|true&#8220; animation=&#8220;off&#8220; link_option_url=&#8220;#&#8220; header_font_size_tablet=&#8220;20px&#8220; header_font_size_phone=&#8220;&#8220; header_font_size_last_edited=&#8220;on|phone&#8220; border_radii=&#8220;on|20px|20px|20px|20px&#8220; box_shadow_style=&#8220;preset1&#8243; box_shadow_horizontal=&#8220;20px&#8220; box_shadow_vertical=&#8220;40px&#8220; box_shadow_blur=&#8220;90px&#8220; box_shadow_color=&#8220;rgba(10,45,97,0.1)&#8220; locked=&#8220;off&#8220; global_colors_info=&#8220;{}&#8220; transform_styles__hover_enabled=&#8220;on&#8220; transform_scale__hover_enabled=&#8220;on&#8220; transform_translate__hover_enabled=&#8220;on&#8220; transform_rotate__hover_enabled=&#8220;on&#8220; transform_skew__hover_enabled=&#8220;on&#8220; transform_origin__hover_enabled=&#8220;on&#8220; transform_scale__hover=&#8220;110%|110%&#8220;][\/et_pb_blurb][\/et_pb_column][\/et_pb_row][\/et_pb_section][et_pb_section fb_built=&#8220;1&#8243; admin_label=&#8220;Products&#8220; _builder_version=&#8220;4.27.0&#8243; background_enable_color=&#8220;off&#8220; background_image=&#8220;https:\/\/missmuffin.dating\/wp-content\/uploads\/2024\/08\/candy-shop-32.png&#8220; background_size=&#8220;initial&#8220; background_position=&#8220;top_center&#8220; locked=&#8220;off&#8220; global_colors_info=&#8220;{}&#8220;][et_pb_row _builder_version=&#8220;4.16&#8243; custom_padding=&#8220;0px||0px|||&#8220; global_colors_info=&#8220;{}&#8220;][et_pb_column type=&#8220;4_4&#8243; _builder_version=&#8220;4.16&#8243; custom_padding=&#8220;|||&#8220; global_colors_info=&#8220;{}&#8220; custom_padding__hover=&#8220;|||&#8220;][et_pb_text _builder_version=&#8220;4.27.0&#8243; text_font=&#8220;||||||||&#8220; header_font_size=&#8220;19px&#8220; header_2_font=&#8220;Concert One|700||on|||||&#8220; header_2_text_color=&#8220;#ffffff&#8220; header_2_font_size=&#8220;69px&#8220; text_orientation=&#8220;center&#8220; max_width=&#8220;800px&#8220; module_alignment=&#8220;center&#8220; header_2_font_size_tablet=&#8220;80px&#8220; header_2_font_size_phone=&#8220;56px&#8220; header_2_font_size_last_edited=&#8220;on|phone&#8220; header_2_text_shadow_style=&#8220;preset1&#8243; header_2_text_shadow_horizontal_length=&#8220;0.04em&#8220; header_2_text_shadow_vertical_length=&#8220;0.14em&#8220; header_2_text_shadow_blur_strength=&#8220;0.33em&#8220; header_2_text_shadow_color=&#8220;rgba(10,45,97,0.16)&#8220; locked=&#8220;off&#8220; global_colors_info=&#8220;{}&#8220;]<\/p>\n<h2>\u201eGrand Marnier\u201c-Souffle<\/h2>\n<p>[\/et_pb_text][et_pb_text _builder_version=&#8220;4.27.4&#8243; text_font=&#8220;||||||||&#8220; header_font=&#8220;||||||||&#8220; header_2_font=&#8220;Concert One||||||||&#8220; header_2_text_color=&#8220;#0a2d61&#8243; header_2_font_size=&#8220;64px&#8220; header_2_letter_spacing=&#8220;-2px&#8220; text_orientation=&#8220;center&#8220; max_width=&#8220;800px&#8220; module_alignment=&#8220;center&#8220; custom_margin=&#8220;-84px||&#8220; custom_margin_tablet=&#8220;-30px||&#8220; custom_margin_phone=&#8220;&#8220; custom_margin_last_edited=&#8220;on|desktop&#8220; header_2_font_size_tablet=&#8220;48px&#8220; header_2_font_size_phone=&#8220;32px&#8220; header_2_font_size_last_edited=&#8220;on|phone&#8220; locked=&#8220;off&#8220; global_colors_info=&#8220;{}&#8220;]<\/p>\n<h2>Brunch\/Lunch\/Dinner Dates<\/h2>\n<p>[\/et_pb_text][\/et_pb_column][\/et_pb_row][et_pb_row _builder_version=&#8220;4.27.0&#8243; background_color=&#8220;RGBA(255,255,255,0)&#8220; custom_margin=&#8220;80px||&#8220; global_colors_info=&#8220;{}&#8220;][et_pb_column type=&#8220;4_4&#8243; _builder_version=&#8220;4.16&#8243; custom_padding=&#8220;|||&#8220; global_colors_info=&#8220;{}&#8220; custom_padding__hover=&#8220;|||&#8220;][et_pb_text _builder_version=&#8220;4.27.4&#8243; _module_preset=&#8220;default&#8220; text_font_size=&#8220;16px&#8220; text_line_height=&#8220;1.8em&#8220; background_color=&#8220;RGBA(255,255,255,0)&#8220; global_colors_info=&#8220;{}&#8220;]<\/p>\n<p>Man sagt, dass man jemanden am besten beim Essen kennenlernt. Warum essen wir also nicht zusammen? Wir k\u00f6nnen reden, lachen, uns gegenseitig verf\u00fchren und vielleicht sogar Spaghetti essen wie \u201eSusi und Strolch\u201c, bevor wir die Leidenschaft und das Verlangen stillen, die wir die ganze Zeit zur\u00fcckgehalten haben.<br \/>Ein gro\u00dfer Pluspunkt ist, dass wir danach nicht abwaschen m\u00fcssen!<br \/>Wie die meisten Latinas und Spanier bin ich sehr liebevoll und liebe es, K\u00f6rperkontakt zu geben und zu empfangen. Von Umarmungen bis zum H\u00e4ndchenhalten. Also, ich hoffe, du bist bereit!<br \/>Ich liebe es, mit dir zu flirten und dich auf verschiedene Weise diskret in der \u00d6ffentlichkeit zu verf\u00fchren, indem ich dir zeige, was wir tun k\u00f6nnen, wenn wir allein sind, indem ich mein Bein an deinem reibe, indem wir verstohlene Blicke austauschen und schelmisch l\u00e4cheln.<br \/>Ich kleide mich diskret und nicht auff\u00e4llig. Ich kann ein elegantes Kleid oder ein charmantes, eher informelles Outfit tragen.<\/p>\n<p>[\/et_pb_text][et_pb_image src=&#8220;https:\/\/missmuffin.dating\/wp-content\/uploads\/2025\/01\/august-2022-02.jpg&#8220; title_text=&#8220;august-2022-02&#8243; _builder_version=&#8220;4.27.4&#8243; _module_preset=&#8220;default&#8220; global_colors_info=&#8220;{}&#8220;][\/et_pb_image][et_pb_text _builder_version=&#8220;4.27.4&#8243; _module_preset=&#8220;default&#8220; text_font_size=&#8220;16px&#8220; text_line_height=&#8220;1.8em&#8220; background_color=&#8220;RGBA(255,255,255,0)&#8220; global_colors_info=&#8220;{}&#8220;]<\/p>\n<p>Diese Option ist perfekt f\u00fcr:<\/p>\n<p><\/p>\n<p>\u2665 Gentlemen, die es bevorzugen, eine Verbindung herzustellen und sich besser kennenzulernen, um das Eis zu brechen und sich wohler zu f\u00fchlen.<\/p>\n<p><\/p>\n<p>\u2665 Jemanden, der immer die gleichen Reservierungen vornimmt und etwas anderes machen m\u00f6chte, um aus der Routine auszubrechen.<\/p>\n<p><\/p>\n<p>\u2665 Du m\u00f6chtest dein Englisch oder Spanisch mit einem h\u00fcbschen M\u00e4dchen mit einem sexy Akzent \u00fcben. Ich verspreche dir, dass ich auch einen vollst\u00e4ndigen Satz auf Deutsch aussprechen kann!<\/p>\n<p><\/p>\n<p>\u2665 Jemand, dem einst\u00fcndige Treffen zu kurz sind und der sich Zeit nehmen m\u00f6chte, <i>das Dessert<\/i> richtig zu genie\u00dfen.<\/p>\n<p><\/p>\n<p><b><i>Hinweis:<\/i><\/b><i>Diese Art von Dates sind so lecker! Wir k\u00f6nnen uns bei einem Kaffee, einem Glas Wein oder einem Tee kennenlernen (durch meine Jahre in Gro\u00dfbritannien habe ich gelernt, guten Tee zu lieben). Beinhaltet alle gew\u00fcnschten sozialen Aktivit\u00e4ten: Gibt es eine Aktivit\u00e4t, die du schon immer machen wolltest, aber noch nicht die richtige Person daf\u00fcr gefunden hast? Abgehakt! Wir k\u00f6nnen von einem Konzert in den Zoo gehen. Du entscheidest!<\/i><\/p>\n<p>[\/et_pb_text][\/et_pb_column][\/et_pb_row][et_pb_row column_structure=&#8220;1_2,1_2&#8243; _builder_version=&#8220;4.27.0&#8243; _module_preset=&#8220;default&#8220; global_colors_info=&#8220;{}&#8220;][et_pb_column type=&#8220;1_2&#8243; _builder_version=&#8220;4.27.0&#8243; _module_preset=&#8220;default&#8220; global_colors_info=&#8220;{}&#8220;][et_pb_blurb title=&#8220;Drinks\/Brunch\/Lunch (3.5 hours)&#8220; use_icon=&#8220;on&#8220; font_icon=&#8220;&#xf2e7;||fa||900&#8243; icon_color=&#8220;#f4346c&#8220; _builder_version=&#8220;4.27.4&#8243; _module_preset=&#8220;default&#8220; header_text_color=&#8220;#f4346c&#8220; text_orientation=&#8220;center&#8220; custom_padding=&#8220;2em|2em|2em|2em|true|true&#8220; border_width_all=&#8220;1px&#8220; border_color_all=&#8220;#82a8ff&#8220; global_colors_info=&#8220;{}&#8220;]<\/p>\n<p>Diese Option ist in meiner Wohnung verf\u00fcgbar, muss aber mindestens 3 Stunden im Voraus geplant werden.<\/p>\n<p><\/p>\n<p><i><em>(Beinhaltet zwei Stunden Intimit\u00e4t und eineinhalb Stunden gesellige Zeit) \u2013 900 CHF<\/em><\/i><\/p>\n<p>[\/et_pb_blurb][\/et_pb_column][et_pb_column type=&#8220;1_2&#8243; _builder_version=&#8220;4.27.0&#8243; _module_preset=&#8220;default&#8220; global_colors_info=&#8220;{}&#8220;][et_pb_blurb title=&#8220;Lunch or Dinner\/Cinema\/Opera\/Museums\/Theatre (4 &#8211; 6 Hours)&#8220; use_icon=&#8220;on&#8220; font_icon=&#8220;&#xe08e;||divi||400&#8243; icon_color=&#8220;#f4346c&#8220; _builder_version=&#8220;4.27.4&#8243; _module_preset=&#8220;default&#8220; header_text_color=&#8220;#f4346c&#8220; text_orientation=&#8220;center&#8220; custom_padding=&#8220;2em|2em|2em|2em|true|true&#8220; border_width_all=&#8220;1px&#8220; border_color_all=&#8220;#82a8ff&#8220; global_colors_info=&#8220;{}&#8220;]<\/p>\n<p>Dies ist die beste M\u00f6glichkeit, sich gut kennenzulernen und gemeinsam Spa\u00df zu haben! Wir k\u00f6nnen die gemeinsame Zeit genie\u00dfen, indem wir ins Theater, Kino, Restaurant, in die Oper usw. gehen.<\/p>\n<p><\/p>\n<p>(Beinhaltet zwei oder drei Stunden Intimit\u00e4t) \u2013 1000\u20131400 CHF<\/p>\n<p>[\/et_pb_blurb][\/et_pb_column][\/et_pb_row][\/et_pb_section][et_pb_section fb_built=&#8220;1&#8243; admin_label=&#8220;Footer&#8220; _builder_version=&#8220;4.16&#8243; use_background_color_gradient=&#8220;on&#8220; background_color_gradient_stops=&#8220;#c6eefd 0%|rgba(230,111,175,0.41) 100%&#8220; background_color_gradient_start=&#8220;#c6eefd&#8220; background_color_gradient_end=&#8220;rgba(230,111,175,0.41)&#8220; background_image=&#8220;https:\/\/missmuffin.dating\/wp-content\/uploads\/2024\/08\/candy-shop-12-1.png&#8220; background_size=&#8220;contain&#8220; background_position=&#8220;top_center&#8220; custom_margin=&#8220;||&#8220; custom_padding=&#8220;24vw||8vw|||&#8220; global_module=&#8220;820&#8243; saved_tabs=&#8220;all&#8220; global_colors_info=&#8220;{}&#8220;][et_pb_row _builder_version=&#8220;4.16&#8243; global_colors_info=&#8220;{}&#8220;][et_pb_column type=&#8220;4_4&#8243; _builder_version=&#8220;4.16&#8243; custom_padding=&#8220;|||&#8220; global_colors_info=&#8220;{}&#8220; custom_padding__hover=&#8220;|||&#8220;][et_pb_text _builder_version=&#8220;4.16&#8243; text_font=&#8220;||||||||&#8220; header_2_font=&#8220;Concert One|700||on|||||&#8220; header_2_text_color=&#8220;#ffffff&#8220; header_2_font_size=&#8220;120px&#8220; text_orientation=&#8220;center&#8220; module_alignment=&#8220;center&#8220; header_2_font_size_tablet=&#8220;80px&#8220; header_2_font_size_phone=&#8220;56px&#8220; header_2_font_size_last_edited=&#8220;on|phone&#8220; header_2_text_shadow_style=&#8220;preset1&#8243; header_2_text_shadow_horizontal_length=&#8220;0.04em&#8220; header_2_text_shadow_vertical_length=&#8220;0.14em&#8220; header_2_text_shadow_blur_strength=&#8220;0.33em&#8220; header_2_text_shadow_color=&#8220;rgba(10,45,97,0.16)&#8220; text_text_align=&#8220;center&#8220; locked=&#8220;off&#8220; global_colors_info=&#8220;{}&#8220;]<\/p>\n<h2>Miss Muffin<\/h2>\n<p>[\/et_pb_text][et_pb_text _builder_version=&#8220;4.16&#8243; text_font=&#8220;||||||||&#8220; header_font=&#8220;||||||||&#8220; header_2_font=&#8220;Concert One||||||||&#8220; header_2_text_color=&#8220;#0a2d61&#8243; header_2_font_size=&#8220;64px&#8220; header_2_letter_spacing=&#8220;-2px&#8220; text_orientation=&#8220;center&#8220; max_width=&#8220;800px&#8220; module_alignment=&#8220;center&#8220; custom_margin=&#8220;-70px||&#8220; custom_margin_tablet=&#8220;&#8220; custom_margin_phone=&#8220;-30px||&#8220; custom_margin_last_edited=&#8220;on|desktop&#8220; header_2_font_size_tablet=&#8220;48px&#8220; header_2_font_size_phone=&#8220;32px&#8220; header_2_font_size_last_edited=&#8220;on|phone&#8220; text_text_align=&#8220;center&#8220; locked=&#8220;off&#8220; global_colors_info=&#8220;{}&#8220;]<\/p>\n<h2>Unabh\u00e4ngiges Escort in Z\u00fcrich<\/h2>\n<p>[\/et_pb_text][et_pb_text _builder_version=&#8220;4.27.4&#8243; text_font=&#8220;||||||||&#8220; header_font=&#8220;||||||||&#8220; header_4_font=&#8220;Concert One||||||||&#8220; header_4_text_align=&#8220;center&#8220; header_4_font_size=&#8220;20px&#8220; header_4_line_height=&#8220;1.5em&#8220; background_layout=&#8220;dark&#8220; max_width=&#8220;800px&#8220; module_alignment=&#8220;center&#8220; header_4_font_size_tablet=&#8220;&#8220; header_4_font_size_phone=&#8220;15px&#8220; header_4_font_size_last_edited=&#8220;on|desktop&#8220; locked=&#8220;off&#8220; global_colors_info=&#8220;{}&#8220;]<\/p>\n<h4>Copyright \u00a92026 Miss Muffin<\/h4>\n<p>[\/et_pb_text][\/et_pb_column][\/et_pb_row][\/et_pb_section]<\/p>\n","protected":false},"excerpt":{"rendered":"<p>Lasst uns was essen gehen!Mittag-\/Brunch-\/Abendessen-Dates\u201eGrand Marnier\u201c-SouffleBrunch\/Lunch\/Dinner DatesMan sagt, dass man jemanden am besten beim Essen kennenlernt. Warum essen wir also nicht zusammen? Wir k\u00f6nnen reden, lachen, uns gegenseitig verf\u00fchren und vielleicht sogar Spaghetti essen wie \u201eSusi und Strolch\u201c, bevor wir die Leidenschaft und das Verlangen stillen, die wir die ganze Zeit zur\u00fcckgehalten haben.Ein gro\u00dfer Pluspunkt [&hellip;]<\/p>\n","protected":false},"author":1,"featured_media":0,"parent":0,"menu_order":0,"comment_status":"closed","ping_status":"closed","template":"","meta":{"_seopress_robots_primary_cat":"","_seopress_titles_title":"","_seopress_titles_desc":"Diese Art von Dates sind so lecker! Wir k\u00f6nnen reden, lachen und uns gegenseitig verf\u00fchren, bevor wir die Leidenschaft und das Verlangen stillen, die wir die ganze Zeit zur\u00fcckgehalten haben.","_seopress_robots_index":"","_et_pb_use_builder":"on","_et_pb_old_content":"","_et_gb_content_width":"","uix_meta_title":"","uix_meta_description":"","uix_canonical_url":"","footnotes":""},"class_list":["post-1007","page","type-page","status-publish","hentry"],"_links":{"self":[{"href":"https:\/\/missmuffin.dating\/de\/wp-json\/wp\/v2\/pages\/1007","targetHints":{"allow":["GET"]}}],"collection":[{"href":"https:\/\/missmuffin.dating\/de\/wp-json\/wp\/v2\/pages"}],"about":[{"href":"https:\/\/missmuffin.dating\/de\/wp-json\/wp\/v2\/types\/page"}],"author":[{"embeddable":true,"href":"https:\/\/missmuffin.dating\/de\/wp-json\/wp\/v2\/users\/1"}],"replies":[{"embeddable":true,"href":"https:\/\/missmuffin.dating\/de\/wp-json\/wp\/v2\/comments?post=1007"}],"version-history":[{"count":13,"href":"https:\/\/missmuffin.dating\/de\/wp-json\/wp\/v2\/pages\/1007\/revisions"}],"predecessor-version":[{"id":2168,"href":"https:\/\/missmuffin.dating\/de\/wp-json\/wp\/v2\/pages\/1007\/revisions\/2168"}],"wp:attachment":[{"href":"https:\/\/missmuffin.dating\/de\/wp-json\/wp\/v2\/media?parent=1007"}],"curies":[{"name":"wp","href":"https:\/\/api.w.org\/{rel}","templated":true}]}}