{"id":1011,"date":"2024-08-03T15:21:52","date_gmt":"2024-08-03T15:21:52","guid":{"rendered":"https:\/\/missmuffin.dating\/uebernachtungen\/"},"modified":"2025-03-29T16:37:24","modified_gmt":"2025-03-29T16:37:24","slug":"uebernachtungen","status":"publish","type":"page","link":"https:\/\/missmuffin.dating\/de\/uebernachtungen\/","title":{"rendered":"\u00dcbernachtungen"},"content":{"rendered":"<p>[et_pb_section fb_built=&#8220;1&#8243; admin_label=&#8220;Header&#8220; _builder_version=&#8220;4.16&#8243; background_color=&#8220;#f2f5ff&#8220; background_image=&#8220;https:\/\/missmuffin.dating\/wp-content\/uploads\/2024\/08\/candy-shop-10-2.jpg&#8220; background_size=&#8220;contain&#8220; background_position=&#8220;top_center&#8220; custom_padding=&#8220;||90px|||&#8220; global_colors_info=&#8220;{}&#8220;][et_pb_row _builder_version=&#8220;4.16&#8243; global_colors_info=&#8220;{}&#8220;][et_pb_column type=&#8220;4_4&#8243; _builder_version=&#8220;4.16&#8243; custom_padding=&#8220;|||&#8220; global_colors_info=&#8220;{}&#8220; custom_padding__hover=&#8220;|||&#8220;][et_pb_text _builder_version=&#8220;4.27.0&#8243; text_font=&#8220;||||||||&#8220; header_font=&#8220;||||||||&#8220; header_2_font=&#8220;Concert One|700||on|||||&#8220; header_2_text_color=&#8220;#ffffff&#8220; header_2_font_size=&#8220;140px&#8220; text_orientation=&#8220;center&#8220; custom_margin=&#8220;|-40px||&#8220; custom_margin_tablet=&#8220;&#8220; custom_margin_phone=&#8220;|0px||&#8220; custom_margin_last_edited=&#8220;on|desktop&#8220; header_2_font_size_tablet=&#8220;80px&#8220; header_2_font_size_phone=&#8220;56px&#8220; header_2_font_size_last_edited=&#8220;on|phone&#8220; header_2_text_shadow_style=&#8220;preset2&#8243; header_2_text_shadow_color=&#8220;rgba(10,45,97,0.16)&#8220; text_text_align=&#8220;center&#8220; locked=&#8220;off&#8220; global_colors_info=&#8220;{}&#8220;]<\/p>\n<h2>Lass uns kuscheln<\/h2>\n<p>[\/et_pb_text][et_pb_text _builder_version=&#8220;4.27.0&#8243; text_font=&#8220;||||||||&#8220; header_font=&#8220;Concert One||||||||&#8220; header_text_color=&#8220;#0a2d61&#8243; header_font_size=&#8220;80px&#8220; header_letter_spacing=&#8220;-3px&#8220; text_orientation=&#8220;center&#8220; max_width=&#8220;700px&#8220; module_alignment=&#8220;center&#8220; custom_margin=&#8220;-84px||&#8220; custom_margin_tablet=&#8220;-30px||&#8220; custom_margin_phone=&#8220;&#8220; custom_margin_last_edited=&#8220;on|desktop&#8220; header_font_size_tablet=&#8220;60px&#8220; header_font_size_phone=&#8220;40px&#8220; header_font_size_last_edited=&#8220;on|phone&#8220; text_text_align=&#8220;center&#8220; locked=&#8220;off&#8220; global_colors_info=&#8220;{}&#8220;]<\/p>\n<h1>\u00dcbernachtungs-\/Tagesdaten<\/h1>\n<p>[\/et_pb_text][\/et_pb_column][\/et_pb_row][et_pb_row column_structure=&#8220;1_2,1_2&#8243; _builder_version=&#8220;4.16&#8243; global_colors_info=&#8220;{}&#8220;][et_pb_column type=&#8220;1_2&#8243; _builder_version=&#8220;4.16&#8243; custom_padding=&#8220;|||&#8220; global_colors_info=&#8220;{}&#8220; custom_padding__hover=&#8220;|||&#8220;][et_pb_blurb title=&#8220;Lernt euch besser kennen!&#8220; use_icon=&#8220;on&#8220; font_icon=&#8220;&#xf598;||fa||900&#8243; content_max_width=&#8220;1000px&#8220; _builder_version=&#8220;4.27.4&#8243; header_font=&#8220;Concert One||||||||&#8220; header_font_size=&#8220;22px&#8220; header_letter_spacing=&#8220;-1px&#8220; header_line_height=&#8220;1.1em&#8220; background_color=&#8220;#ffffff&#8220; use_background_color_gradient=&#8220;on&#8220; background_color_gradient_direction=&#8220;151deg&#8220; background_color_gradient_stops=&#8220;#ff3d97 0%|#f4346c 100%&#8220; background_color_gradient_start=&#8220;#ff3d97&#8243; background_color_gradient_end=&#8220;#f4346c&#8220; background_image=&#8220;https:\/\/missmuffin.dating\/wp-content\/uploads\/2025\/01\/2023-12-17-23-42-50-602.jpg&#8220; background_position=&#8220;bottom_center&#8220; background_vertical_offset=&#8220;32%&#8220; transform_scale_last_edited=&#8220;off|desktop&#8220; transform_translate_last_edited=&#8220;off|desktop&#8220; transform_rotate_last_edited=&#8220;off|desktop&#8220; transform_skew_last_edited=&#8220;off|desktop&#8220; transform_origin_last_edited=&#8220;off|desktop&#8220; transform_styles_last_edited=&#8220;off|desktop&#8220; text_orientation=&#8220;center&#8220; background_layout=&#8220;dark&#8220; custom_padding=&#8220;157px|20px|157px|20px|true|true&#8220; custom_padding_tablet=&#8220;30px||30px||true&#8220; custom_padding_phone=&#8220;&#8220; custom_padding_last_edited=&#8220;on|desktop&#8220; animation=&#8220;off&#8220; link_option_url=&#8220;#&#8220; header_font_size_tablet=&#8220;20px&#8220; header_font_size_phone=&#8220;&#8220; header_font_size_last_edited=&#8220;on|phone&#8220; border_radii=&#8220;on|20px|20px|20px|20px&#8220; box_shadow_style=&#8220;preset1&#8243; box_shadow_horizontal=&#8220;20px&#8220; box_shadow_vertical=&#8220;40px&#8220; box_shadow_blur=&#8220;90px&#8220; box_shadow_color=&#8220;rgba(10,45,97,0.1)&#8220; locked=&#8220;off&#8220; global_colors_info=&#8220;{}&#8220; transform_styles__hover_enabled=&#8220;on&#8220; transform_scale__hover=&#8220;110%|110%&#8220; transform_scale__hover_enabled=&#8220;on&#8220; transform_translate__hover_enabled=&#8220;on&#8220; transform_rotate__hover_enabled=&#8220;on&#8220; transform_skew__hover_enabled=&#8220;on&#8220; transform_origin__hover_enabled=&#8220;on&#8220;][\/et_pb_blurb][\/et_pb_column][et_pb_column type=&#8220;1_2&#8243; _builder_version=&#8220;4.16&#8243; custom_padding=&#8220;|||&#8220; global_colors_info=&#8220;{}&#8220; custom_padding__hover=&#8220;|||&#8220;][et_pb_blurb title=&#8220;Schafft gemeinsam Sterne!&#8220; use_icon=&#8220;on&#8220; font_icon=&#8220;&#xf2de;||fa||400&#8243; icon_color=&#8220;#ffffff&#8220; content_max_width=&#8220;1000px&#8220; _builder_version=&#8220;4.27.0&#8243; header_font=&#8220;Concert One||||||||&#8220; header_font_size=&#8220;22px&#8220; header_letter_spacing=&#8220;-1px&#8220; header_line_height=&#8220;1.1em&#8220; background_color=&#8220;#ffffff&#8220; use_background_color_gradient=&#8220;on&#8220; background_color_gradient_direction=&#8220;168deg&#8220; background_color_gradient_stops=&#8220;#fdc6f2 0%|#4DB9FF 100%&#8220; background_color_gradient_start=&#8220;#fdc6f2&#8243; background_color_gradient_end=&#8220;#4DB9FF&#8220; transform_scale_last_edited=&#8220;off|desktop&#8220; transform_translate_last_edited=&#8220;off|desktop&#8220; transform_rotate_last_edited=&#8220;off|desktop&#8220; transform_skew_last_edited=&#8220;off|desktop&#8220; transform_origin_last_edited=&#8220;off|desktop&#8220; transform_styles_last_edited=&#8220;off|desktop&#8220; text_orientation=&#8220;center&#8220; background_layout=&#8220;dark&#8220; custom_padding=&#8220;30px|20px|30px|20px|true|true&#8220; animation=&#8220;off&#8220; link_option_url=&#8220;#&#8220; header_font_size_tablet=&#8220;20px&#8220; header_font_size_phone=&#8220;&#8220; header_font_size_last_edited=&#8220;on|phone&#8220; border_radii=&#8220;on|20px|20px|20px|20px&#8220; box_shadow_style=&#8220;preset1&#8243; box_shadow_horizontal=&#8220;20px&#8220; box_shadow_vertical=&#8220;40px&#8220; box_shadow_blur=&#8220;90px&#8220; box_shadow_color=&#8220;rgba(10,45,97,0.1)&#8220; locked=&#8220;off&#8220; global_colors_info=&#8220;{}&#8220; transform_styles__hover_enabled=&#8220;on&#8220; transform_scale__hover=&#8220;110%|110%&#8220; transform_scale__hover_enabled=&#8220;on&#8220; transform_translate__hover_enabled=&#8220;on&#8220; transform_rotate__hover_enabled=&#8220;on&#8220; transform_skew__hover_enabled=&#8220;on&#8220; transform_origin__hover_enabled=&#8220;on&#8220;][\/et_pb_blurb][et_pb_blurb title=&#8220;Qualit\u00e4tszeit zusammen&#8220; use_icon=&#8220;on&#8220; font_icon=&#8220;&#xf004;||fa||900&#8243; content_max_width=&#8220;1000px&#8220; _builder_version=&#8220;4.27.0&#8243; header_font=&#8220;Concert One||||||||&#8220; header_font_size=&#8220;22px&#8220; header_letter_spacing=&#8220;-1px&#8220; header_line_height=&#8220;1.1em&#8220; background_color=&#8220;#ffffff&#8220; transform_scale_last_edited=&#8220;off|desktop&#8220; transform_translate_last_edited=&#8220;off|desktop&#8220; transform_rotate_last_edited=&#8220;off|desktop&#8220; transform_skew_last_edited=&#8220;off|desktop&#8220; transform_origin_last_edited=&#8220;off|desktop&#8220; transform_styles_last_edited=&#8220;off|desktop&#8220; text_orientation=&#8220;center&#8220; custom_padding=&#8220;30px|20px|30px|20px|true|true&#8220; animation=&#8220;off&#8220; link_option_url=&#8220;#&#8220; header_font_size_tablet=&#8220;20px&#8220; header_font_size_phone=&#8220;&#8220; header_font_size_last_edited=&#8220;on|phone&#8220; border_radii=&#8220;on|20px|20px|20px|20px&#8220; box_shadow_style=&#8220;preset1&#8243; box_shadow_horizontal=&#8220;20px&#8220; box_shadow_vertical=&#8220;40px&#8220; box_shadow_blur=&#8220;90px&#8220; box_shadow_color=&#8220;rgba(10,45,97,0.1)&#8220; locked=&#8220;off&#8220; global_colors_info=&#8220;{}&#8220; transform_styles__hover_enabled=&#8220;on&#8220; transform_scale__hover_enabled=&#8220;on&#8220; transform_translate__hover_enabled=&#8220;on&#8220; transform_rotate__hover_enabled=&#8220;on&#8220; transform_skew__hover_enabled=&#8220;on&#8220; transform_origin__hover_enabled=&#8220;on&#8220; transform_scale__hover=&#8220;110%|110%&#8220;][\/et_pb_blurb][\/et_pb_column][\/et_pb_row][\/et_pb_section][et_pb_section fb_built=&#8220;1&#8243; admin_label=&#8220;Products&#8220; _builder_version=&#8220;4.27.0&#8243; background_enable_color=&#8220;off&#8220; background_image=&#8220;https:\/\/missmuffin.dating\/wp-content\/uploads\/2024\/08\/candy-shop-32.png&#8220; background_size=&#8220;initial&#8220; background_position=&#8220;top_center&#8220; locked=&#8220;off&#8220; global_colors_info=&#8220;{}&#8220;][et_pb_row _builder_version=&#8220;4.16&#8243; custom_padding=&#8220;0px||0px|||&#8220; global_colors_info=&#8220;{}&#8220;][et_pb_column type=&#8220;4_4&#8243; _builder_version=&#8220;4.16&#8243; custom_padding=&#8220;|||&#8220; global_colors_info=&#8220;{}&#8220; custom_padding__hover=&#8220;|||&#8220;][et_pb_text _builder_version=&#8220;4.27.0&#8243; text_font=&#8220;||||||||&#8220; header_font_size=&#8220;19px&#8220; header_2_font=&#8220;Concert One|700||on|||||&#8220; header_2_text_color=&#8220;#ffffff&#8220; header_2_font_size=&#8220;92px&#8220; text_orientation=&#8220;center&#8220; max_width=&#8220;800px&#8220; module_alignment=&#8220;center&#8220; header_2_font_size_tablet=&#8220;80px&#8220; header_2_font_size_phone=&#8220;56px&#8220; header_2_font_size_last_edited=&#8220;on|phone&#8220; header_2_text_shadow_style=&#8220;preset1&#8243; header_2_text_shadow_horizontal_length=&#8220;0.04em&#8220; header_2_text_shadow_vertical_length=&#8220;0.14em&#8220; header_2_text_shadow_blur_strength=&#8220;0.33em&#8220; header_2_text_shadow_color=&#8220;rgba(10,45,97,0.16)&#8220; locked=&#8220;off&#8220; global_colors_info=&#8220;{}&#8220;]<\/p>\n<h2>Bananensplit<\/h2>\n<p>[\/et_pb_text][et_pb_text _builder_version=&#8220;4.16&#8243; text_font=&#8220;||||||||&#8220; header_font=&#8220;||||||||&#8220; header_2_font=&#8220;Concert One||||||||&#8220; header_2_text_color=&#8220;#0a2d61&#8243; header_2_font_size=&#8220;64px&#8220; header_2_letter_spacing=&#8220;-2px&#8220; text_orientation=&#8220;center&#8220; max_width=&#8220;800px&#8220; module_alignment=&#8220;center&#8220; custom_margin=&#8220;-84px||&#8220; custom_margin_tablet=&#8220;-30px||&#8220; custom_margin_phone=&#8220;&#8220; custom_margin_last_edited=&#8220;on|desktop&#8220; header_2_font_size_tablet=&#8220;48px&#8220; header_2_font_size_phone=&#8220;32px&#8220; header_2_font_size_last_edited=&#8220;on|phone&#8220; locked=&#8220;off&#8220; global_colors_info=&#8220;{}&#8220;]<\/p>\n<h2>\u00dcbernachtungs-\/\u00dcbertagungsdaten<\/h2>\n<p>[\/et_pb_text][\/et_pb_column][\/et_pb_row][et_pb_row _builder_version=&#8220;4.27.0&#8243; background_color=&#8220;RGBA(255,255,255,0)&#8220; custom_margin=&#8220;80px||&#8220; global_colors_info=&#8220;{}&#8220;][et_pb_column type=&#8220;4_4&#8243; _builder_version=&#8220;4.16&#8243; custom_padding=&#8220;|||&#8220; global_colors_info=&#8220;{}&#8220; custom_padding__hover=&#8220;|||&#8220;][et_pb_text _builder_version=&#8220;4.27.0&#8243; _module_preset=&#8220;default&#8220; text_font_size=&#8220;16px&#8220; text_line_height=&#8220;1.8em&#8220; background_color=&#8220;RGBA(255,255,255,0)&#8220; global_colors_info=&#8220;{}&#8220;]<\/p>\n<p>Ich biete \u00dcbernachtungs-Dates f\u00fcr 12 bis 16 Stunden an, aber wenn wir beide uns wohlf\u00fchlen und weiterhin Spa\u00df miteinander haben wollen, k\u00f6nnen wir unser Date auch verl\u00e4ngern. Ich brauche 6 Stunden Schlaf, um voller Energie und wild aufwachen zu k\u00f6nnen, wobei Letzteres je nach Preis verhandelbar ist.<br \/>Aber was k\u00f6nnen wir bei einer \u00dcbernachtung machen?<\/p>\n<p>Nun, bei langen Dates gibt es unendlich viele M\u00f6glichkeiten. Wir k\u00f6nnten zusammen ein Bad nehmen, \u201eNetflix and chill\u201c machen, unsere Geschmacksknospen mit einem sch\u00f6nen Abendessen verw\u00f6hnen und dann ein paar Drinks genie\u00dfen, anfangen zu tanzen, flirten und uns gegenseitig necken, bevor wir ins Hotel zur\u00fcckkehren. Oder vielleicht k\u00f6nnten wir zusammen in der Wohnung kochen! Wir k\u00f6nnten uns sogar im Regen k\u00fcssen (wenn das Wetter mitspielt). Etwas gewagter w\u00e4re es, wenn wir \u00fcber unsere Fantasien und Fetische sprechen w\u00fcrden, um uns n\u00e4her kennenzulernen und eine Nacht voller ungez\u00fcgelter Lust und Leidenschaft zu genie\u00dfen.<\/p>\n<p>Kurz gesagt, du kannst unser Date als eine Nacht zum Entspannen sehen, in der du deine Sorgen vergisst und in verschiedene Formen der sinnlichen Stimulation eintauchst.<\/p>\n<p>Alle in meiner Liste erw\u00e4hnten Dienstleistungen w\u00e4ren inbegriffen, zum Beispiel Zungenk\u00fcsse, Massagen, gemeinsames Duschen. Wenn du m\u00f6chtest, k\u00f6nnen wir auch nackt um ein Feuer tanzen (aber ich glaube nicht, dass das Hotel das sehr m\u00f6gen w\u00fcrde, lol)! Spa\u00df beiseite, ich bin ein sehr liebevolles M\u00e4dchen, das viel K\u00f6rperkontakt mag, und ich werde dich w\u00e4hrend unserer gemeinsamen Zeit mit Aufmerksamkeit und Zuneigung \u00fcbersch\u00fctten! Kurz gesagt, du kannst unser Date als eine Nacht zum Entspannen sehen, in der du deine Sorgen vergisst und in verschiedene Formen der sinnlichen Stimulation eintauchst.<\/p>\n<p>Wenn du wie ich bist und gerne unkonventionelle Dinge tust und auch au\u00dferhalb des Bettes Spa\u00df hast, k\u00f6nnen wir Pl\u00e4ne f\u00fcr drau\u00dfen schmieden, wie einen Ausflug in den Zoo oder vielleicht ins Aquarium. Ich mag auch eher intellektuelle Pl\u00e4ne, wie den Besuch von Geschichtsmuseen oder Milit\u00e4rmuseen und anderen Ausstellungen. Oder vielleicht gehen wir zusammen an einen See und baden in Adam-und-Eva-Kost\u00fcmen.<\/p>\n<p>Das sind nur einige Vorschl\u00e4ge, warum erz\u00e4hlst du mir nicht deine?<\/p>\n<p>Bist du eher ein Tagmensch und genie\u00dft lieber das Sonnenlicht? Keine Sorge! Wir k\u00f6nnen uns auch tags\u00fcber treffen und nicht nur nachts.<\/p>\n<p>[\/et_pb_text][et_pb_blurb title=&#8220;\u201eBanana Split\u201c (12\u201316 Stunden)&#8220; use_icon=&#8220;on&#8220; font_icon=&#8220;&#xf810;||fa||900&#8243; icon_color=&#8220;#f4346c&#8220; _builder_version=&#8220;4.27.0&#8243; _module_preset=&#8220;default&#8220; header_text_color=&#8220;#f4346c&#8220; text_orientation=&#8220;center&#8220; custom_padding=&#8220;2em|2em|2em|2em|true|true&#8220; border_width_all=&#8220;1px&#8220; border_color_all=&#8220;#82a8ff&#8220; global_colors_info=&#8220;{}&#8220;]<\/p>\n<p>Diese Option ist nur verf\u00fcgbar, um dich in Hotels zu besuchen. Wenn du es jedoch vorziehst, kann ich eine Nacht in einem Hotel f\u00fcr uns beide reservieren (die zus\u00e4tzlichen Kosten musst du zum Preis hinzuf\u00fcgen).<\/p>\n<p><i><em>(Beinhaltet viele Stunden intimen Vergn\u00fcgens sowohl im als auch au\u00dferhalb des Schlafzimmers, 6 Stunden ununterbrochenen Schlaf und 1 oder 2 Mahlzeiten) 2000-2500 chf<\/em><\/i><\/p>\n<p>[\/et_pb_blurb][et_pb_blurb title=&#8220;\u201eBanana Split Supreme\u201c (12\u201316 Stunden) (SPA VIP Overnight)&#8220; use_icon=&#8220;on&#8220; font_icon=&#8220;&#xe08e;||divi||400&#8243; icon_color=&#8220;#f4346c&#8220; _builder_version=&#8220;4.27.0&#8243; _module_preset=&#8220;default&#8220; header_text_color=&#8220;#f4346c&#8220; text_orientation=&#8220;center&#8220; custom_padding=&#8220;2em|2em|2em|2em|true|true&#8220; border_width_all=&#8220;1px&#8220; border_color_all=&#8220;#82a8ff&#8220; global_colors_info=&#8220;{}&#8220;]<\/p>\n<p>Ich bin sicher, dass du viel Stress, Anspannung und Ersch\u00f6pfung von der Arbeit hast. Ich kann das verstehen, da ich sehr anspruchsvolle und stressige Jobs hatte. Deshalb biete ich dir die L\u00f6sung f\u00fcr dein Unwohlsein an: Lass uns eine magische Nacht zusammen in einem SPA verbringen und uns gegenseitig verw\u00f6hnen.<\/p>\n<p>Nein, wenn ich SPA sage, meine ich nicht die belgischen Formel-1-Rennen! (Obwohl ich auch voller gef\u00e4hrlicher Kurven bin \ud83d\ude1b )<\/p>\n<p>Ich meine, dass wir die Nacht in einem 4- oder 5-Sterne-SPA verbringen werden, wo wir ein paar Stunden lang einen Rundgang im SPA genie\u00dfen, Massagen erhalten, in den verschiedenen Pools und in der Sauna baden und die Ruhe genie\u00dfen und uns gegenseitig verw\u00f6hnen.<\/p>\n<p>Wahrscheinlich wird unser Appetit ein wenig angeregt, nachdem all unsere Muskeln vollst\u00e4ndig entspannt sind, und es w\u00e4re toll, in der N\u00e4he des Hotels zu Abend zu essen. Wir k\u00f6nnten sogar Essen beim Zimmerservice bestellen, wenn wir nicht aus dem Bett aufstehen wollen! Nach dem Abendessen und den sinnlichen Spielen werden wir viel Zeit f\u00fcr uns haben, und wenn wir beide ersch\u00f6pft sind, werden wir lange und fest schlafen und uns dabei umarmen. Wir k\u00f6nnen das Date mit einem gemeinsamen Fr\u00fchst\u00fcck beenden. (Ich warne dich, dass ich es wirklich genie\u00dfe, dich zu f\u00fcttern, w\u00e4hrend ich die Flugzeug-Geste und das Ger\u00e4usch mache! lol)<\/p>\n<p><i><em>Wer will schon zu Hause bleiben, wenn er an Orte wie diesen gehen kann?<\/em><\/i><\/p>\n<p><i><em>(Enth\u00e4lt 6 Stunden ununterbrochenen Schlaf und 1 oder 2 Mahlzeiten) \u2013 1500 \u2013 2000 chf<\/em><\/i><\/p>\n<p>[\/et_pb_blurb][\/et_pb_column][\/et_pb_row][\/et_pb_section][et_pb_section fb_built=&#8220;1&#8243; admin_label=&#8220;Footer&#8220; _builder_version=&#8220;4.16&#8243; use_background_color_gradient=&#8220;on&#8220; background_color_gradient_stops=&#8220;#c6eefd 0%|rgba(230,111,175,0.41) 100%&#8220; background_color_gradient_start=&#8220;#c6eefd&#8220; background_color_gradient_end=&#8220;rgba(230,111,175,0.41)&#8220; background_image=&#8220;https:\/\/missmuffin.dating\/wp-content\/uploads\/2024\/08\/candy-shop-12-1.png&#8220; background_size=&#8220;contain&#8220; background_position=&#8220;top_center&#8220; custom_margin=&#8220;||&#8220; custom_padding=&#8220;24vw||8vw|||&#8220; global_module=&#8220;820&#8243; saved_tabs=&#8220;all&#8220; global_colors_info=&#8220;{}&#8220;][et_pb_row _builder_version=&#8220;4.16&#8243; global_colors_info=&#8220;{}&#8220;][et_pb_column type=&#8220;4_4&#8243; _builder_version=&#8220;4.16&#8243; custom_padding=&#8220;|||&#8220; global_colors_info=&#8220;{}&#8220; custom_padding__hover=&#8220;|||&#8220;][et_pb_text _builder_version=&#8220;4.16&#8243; text_font=&#8220;||||||||&#8220; header_2_font=&#8220;Concert One|700||on|||||&#8220; header_2_text_color=&#8220;#ffffff&#8220; header_2_font_size=&#8220;120px&#8220; text_orientation=&#8220;center&#8220; module_alignment=&#8220;center&#8220; header_2_font_size_tablet=&#8220;80px&#8220; header_2_font_size_phone=&#8220;56px&#8220; header_2_font_size_last_edited=&#8220;on|phone&#8220; header_2_text_shadow_style=&#8220;preset1&#8243; header_2_text_shadow_horizontal_length=&#8220;0.04em&#8220; header_2_text_shadow_vertical_length=&#8220;0.14em&#8220; header_2_text_shadow_blur_strength=&#8220;0.33em&#8220; header_2_text_shadow_color=&#8220;rgba(10,45,97,0.16)&#8220; text_text_align=&#8220;center&#8220; locked=&#8220;off&#8220; global_colors_info=&#8220;{}&#8220;]<\/p>\n<h2>Miss Muffin<\/h2>\n<p>[\/et_pb_text][et_pb_text _builder_version=&#8220;4.16&#8243; text_font=&#8220;||||||||&#8220; header_font=&#8220;||||||||&#8220; header_2_font=&#8220;Concert One||||||||&#8220; header_2_text_color=&#8220;#0a2d61&#8243; header_2_font_size=&#8220;64px&#8220; header_2_letter_spacing=&#8220;-2px&#8220; text_orientation=&#8220;center&#8220; max_width=&#8220;800px&#8220; module_alignment=&#8220;center&#8220; custom_margin=&#8220;-70px||&#8220; custom_margin_tablet=&#8220;&#8220; custom_margin_phone=&#8220;-30px||&#8220; custom_margin_last_edited=&#8220;on|desktop&#8220; header_2_font_size_tablet=&#8220;48px&#8220; header_2_font_size_phone=&#8220;32px&#8220; header_2_font_size_last_edited=&#8220;on|phone&#8220; text_text_align=&#8220;center&#8220; locked=&#8220;off&#8220; global_colors_info=&#8220;{}&#8220;]<\/p>\n<h2>Unabh\u00e4ngiges Escort in Z\u00fcrich<\/h2>\n<p>[\/et_pb_text][et_pb_text _builder_version=&#8220;4.27.4&#8243; text_font=&#8220;||||||||&#8220; header_font=&#8220;||||||||&#8220; header_4_font=&#8220;Concert One||||||||&#8220; header_4_text_align=&#8220;center&#8220; header_4_font_size=&#8220;20px&#8220; header_4_line_height=&#8220;1.5em&#8220; background_layout=&#8220;dark&#8220; max_width=&#8220;800px&#8220; module_alignment=&#8220;center&#8220; header_4_font_size_tablet=&#8220;&#8220; header_4_font_size_phone=&#8220;15px&#8220; header_4_font_size_last_edited=&#8220;on|desktop&#8220; locked=&#8220;off&#8220; global_colors_info=&#8220;{}&#8220;]<\/p>\n<h4>Copyright \u00a92024 Miss Muffin<\/h4>\n<p>[\/et_pb_text][\/et_pb_column][\/et_pb_row][\/et_pb_section]<\/p>\n","protected":false},"excerpt":{"rendered":"<p>Lass uns kuscheln\u00dcbernachtungs-\/TagesdatenBananensplit\u00dcbernachtungs-\/\u00dcbertagungsdatenIch biete \u00dcbernachtungs-Dates f\u00fcr 12 bis 16 Stunden an, aber wenn wir beide uns wohlf\u00fchlen und weiterhin Spa\u00df miteinander haben wollen, k\u00f6nnen wir unser Date auch verl\u00e4ngern. Ich brauche 6 Stunden Schlaf, um voller Energie und wild aufwachen zu k\u00f6nnen, wobei Letzteres je nach Preis verhandelbar ist.Aber was k\u00f6nnen wir bei einer \u00dcbernachtung [&hellip;]<\/p>\n","protected":false},"author":1,"featured_media":0,"parent":0,"menu_order":0,"comment_status":"closed","ping_status":"closed","template":"","meta":{"_seopress_robots_primary_cat":"","_seopress_titles_title":"","_seopress_titles_desc":"Lange Dates bieten dir endlose M\u00f6glichkeiten, dich zu entspannen, deine Sorgen zu vergessen und in verschiedene Formen sinnlicher Stimulation einzutauchen.","_seopress_robots_index":"","_et_pb_use_builder":"on","_et_pb_old_content":"","_et_gb_content_width":"","uix_meta_title":"","uix_meta_description":"","uix_canonical_url":"","footnotes":""},"class_list":["post-1011","page","type-page","status-publish","hentry"],"_links":{"self":[{"href":"https:\/\/missmuffin.dating\/de\/wp-json\/wp\/v2\/pages\/1011","targetHints":{"allow":["GET"]}}],"collection":[{"href":"https:\/\/missmuffin.dating\/de\/wp-json\/wp\/v2\/pages"}],"about":[{"href":"https:\/\/missmuffin.dating\/de\/wp-json\/wp\/v2\/types\/page"}],"author":[{"embeddable":true,"href":"https:\/\/missmuffin.dating\/de\/wp-json\/wp\/v2\/users\/1"}],"replies":[{"embeddable":true,"href":"https:\/\/missmuffin.dating\/de\/wp-json\/wp\/v2\/comments?post=1011"}],"version-history":[{"count":7,"href":"https:\/\/missmuffin.dating\/de\/wp-json\/wp\/v2\/pages\/1011\/revisions"}],"predecessor-version":[{"id":2030,"href":"https:\/\/missmuffin.dating\/de\/wp-json\/wp\/v2\/pages\/1011\/revisions\/2030"}],"wp:attachment":[{"href":"https:\/\/missmuffin.dating\/de\/wp-json\/wp\/v2\/media?parent=1011"}],"curies":[{"name":"wp","href":"https:\/\/api.w.org\/{rel}","templated":true}]}}