{"id":1030,"date":"2024-08-03T15:20:49","date_gmt":"2024-08-03T15:20:49","guid":{"rendered":"https:\/\/missmuffin.dating\/touren\/"},"modified":"2025-03-29T16:39:16","modified_gmt":"2025-03-29T16:39:16","slug":"touren","status":"publish","type":"page","link":"https:\/\/missmuffin.dating\/de\/touren\/","title":{"rendered":"Touren"},"content":{"rendered":"<p>[et_pb_section fb_built=&#8220;1&#8243; admin_label=&#8220;Header&#8220; _builder_version=&#8220;4.16&#8243; use_background_color_gradient=&#8220;on&#8220; background_color_gradient_stops=&#8220;#fdc6f2 0%|#4DB9FF 100%&#8220; background_color_gradient_start=&#8220;#fdc6f2&#8243; background_color_gradient_end=&#8220;#4DB9FF&#8220; overflow-x=&#8220;hidden&#8220; overflow-y=&#8220;hidden&#8220; custom_margin=&#8220;||&#8220; custom_padding=&#8220;||0vw||false|&#8220; top_divider_style=&#8220;waves&#8220; top_divider_color=&#8220;#f2f5ff&#8220; top_divider_height=&#8220;40vw&#8220; top_divider_repeat=&#8220;0.15x&#8220; bottom_divider_style=&#8220;wave2&#8243; bottom_divider_color=&#8220;#f2f5ff&#8220; bottom_divider_height=&#8220;16vw&#8220; bottom_divider_repeat=&#8220;0.5x&#8220; bottom_divider_flip=&#8220;horizontal&#8220; global_colors_info=&#8220;{}&#8220;][et_pb_row column_structure=&#8220;3_5,2_5&#8243; _builder_version=&#8220;4.16&#8243; global_colors_info=&#8220;{}&#8220;][et_pb_column type=&#8220;3_5&#8243; _builder_version=&#8220;4.16&#8243; custom_padding=&#8220;|||&#8220; global_colors_info=&#8220;{}&#8220; custom_padding__hover=&#8220;|||&#8220;][et_pb_text _builder_version=&#8220;4.16&#8243; text_font=&#8220;||||||||&#8220; header_font=&#8220;||||||||&#8220; header_2_font=&#8220;Concert One|700||on|||||&#8220; header_2_text_color=&#8220;#ffffff&#8220; header_2_font_size=&#8220;140px&#8220; custom_margin_phone=&#8220;|0px||&#8220; custom_margin_last_edited=&#8220;off|desktop&#8220; header_2_font_size_tablet=&#8220;80px&#8220; header_2_font_size_phone=&#8220;56px&#8220; header_2_font_size_last_edited=&#8220;on|phone&#8220; header_2_text_shadow_style=&#8220;preset1&#8243; header_2_text_shadow_horizontal_length=&#8220;0.04em&#8220; header_2_text_shadow_vertical_length=&#8220;0.14em&#8220; header_2_text_shadow_blur_strength=&#8220;0.33em&#8220; header_2_text_shadow_color=&#8220;rgba(10,45,97,0.16)&#8220; locked=&#8220;off&#8220; global_colors_info=&#8220;{}&#8220;]<\/p>\n<h2>Touren<\/h2>\n<p>[\/et_pb_text][et_pb_text _builder_version=&#8220;4.27.0&#8243; text_font=&#8220;||||||||&#8220; header_font=&#8220;Concert One||||||||&#8220; header_text_color=&#8220;#0a2d61&#8243; header_font_size=&#8220;80px&#8220; header_letter_spacing=&#8220;-3px&#8220; max_width=&#8220;700px&#8220; custom_margin=&#8220;-84px||&#8220; custom_margin_tablet=&#8220;-30px||&#8220; custom_margin_phone=&#8220;&#8220; custom_margin_last_edited=&#8220;on|desktop&#8220; header_font_size_tablet=&#8220;60px&#8220; header_font_size_phone=&#8220;40px&#8220; header_font_size_last_edited=&#8220;on|phone&#8220; locked=&#8220;off&#8220; global_colors_info=&#8220;{}&#8220;]<\/p>\n<h1>Wo ich sein werde<\/h1>\n<p>[\/et_pb_text][et_pb_text _builder_version=&#8220;4.27.0&#8243; text_font=&#8220;||||||||&#8220; header_font=&#8220;||||||||&#8220; header_3_font=&#8220;Concert One||||||||&#8220; header_3_text_color=&#8220;#0a2d61&#8243; header_3_font_size=&#8220;24px&#8220; header_3_letter_spacing=&#8220;-1px&#8220; header_3_line_height=&#8220;1.4em&#8220; header_4_font=&#8220;Concert One||||||||&#8220; header_4_text_align=&#8220;center&#8220; header_4_font_size=&#8220;20px&#8220; header_4_line_height=&#8220;1.5em&#8220; max_width=&#8220;800px&#8220; module_alignment=&#8220;center&#8220; header_3_font_size_tablet=&#8220;20px&#8220; header_3_font_size_phone=&#8220;&#8220; header_3_font_size_last_edited=&#8220;on|phone&#8220; header_4_font_size_tablet=&#8220;&#8220; header_4_font_size_phone=&#8220;15px&#8220; header_4_font_size_last_edited=&#8220;on|desktop&#8220; locked=&#8220;off&#8220; global_colors_info=&#8220;{}&#8220;]<\/p>\n<h3>Bei Fragen kannst du dich gerne an mich wenden!<\/h3>\n<p>[\/et_pb_text][et_pb_button button_url=&#8220;tel:\/\/41774152643&#8243; button_text=&#8220;Sende eine Nachricht&#8220; button_text_tablet=&#8220;Sende eine Nachricht&#8220; button_text_phone=&#8220;Sende eine Nachricht&#8220; button_text_last_edited=&#8220;on|desktop&#8220; _builder_version=&#8220;4.27.0&#8243; custom_button=&#8220;on&#8220; button_text_size=&#8220;15px&#8220; button_text_color=&#8220;#ffffff&#8220; button_bg_use_color_gradient=&#8220;on&#8220; button_bg_color_gradient_direction=&#8220;90deg&#8220; button_bg_color_gradient_stops=&#8220;#ff3d97 0%|#f4346c 100%&#8220; button_bg_color_gradient_start=&#8220;#ff3d97&#8243; button_bg_color_gradient_end=&#8220;#f4346c&#8220; button_border_width=&#8220;0px&#8220; button_border_radius=&#8220;100px&#8220; button_letter_spacing=&#8220;2px&#8220; button_font=&#8220;Concert One|||on|||||&#8220; button_icon=&#8220;&#xe065;||divi||400&#8243; button_on_hover=&#8220;off&#8220; transform_scale=&#8220;130%|130%&#8220; transform_rotate=&#8220;0deg|0deg|-3deg&#8220; custom_margin=&#8220;|-40px|43px|&#8220; custom_margin_tablet=&#8220;&#8220; custom_margin_phone=&#8220;|0px||&#8220; custom_margin_last_edited=&#8220;on|desktop&#8220; custom_padding=&#8220;14px|42px|14px|28px|true|false&#8220; custom_padding_last_edited=&#8220;off|desktop&#8220; box_shadow_style=&#8220;preset3&#8243; box_shadow_vertical=&#8220;20px&#8220; box_shadow_blur=&#8220;40px&#8220; box_shadow_spread=&#8220;-10px&#8220; box_shadow_color=&#8220;rgba(255,61,151,0.5)&#8220; locked=&#8220;off&#8220; global_colors_info=&#8220;{}&#8220; custom_padding__hover=&#8220;|46px||32px&#8220; custom_padding__hover_enabled=&#8220;on&#8220;][\/et_pb_button][\/et_pb_column][et_pb_column type=&#8220;2_5&#8243; _builder_version=&#8220;4.16&#8243; custom_padding=&#8220;|||&#8220; global_colors_info=&#8220;{}&#8220; custom_padding__hover=&#8220;|||&#8220;][et_pb_image src=&#8220;https:\/\/missmuffin.dating\/wp-content\/uploads\/2025\/01\/2023-12-17-13-56-01-988-1.jpg&#8220; title_text=&#8220;2023-12-17-13-56-01-988&#8243; _builder_version=&#8220;4.27.4&#8243; max_width_tablet=&#8220;400px&#8220; max_width_phone=&#8220;&#8220; max_width_last_edited=&#8220;on|desktop&#8220; max_height_tablet=&#8220;500px&#8220; max_height_phone=&#8220;&#8220; max_height_last_edited=&#8220;on|tablet&#8220; custom_margin=&#8220;-8vw|-5vw||&#8220; custom_margin_tablet=&#8220;0vw|0vw||&#8220; custom_margin_phone=&#8220;&#8220; custom_margin_last_edited=&#8220;on|desktop&#8220; border_radii=&#8220;on|176px|176px|176px|176px&#8220; global_colors_info=&#8220;{}&#8220;][\/et_pb_image][\/et_pb_column][\/et_pb_row][\/et_pb_section][et_pb_section fb_built=&#8220;1&#8243; admin_label=&#8220;Contact Form&#8220; _builder_version=&#8220;4.16&#8243; background_color=&#8220;#f2f5ff&#8220; background_image=&#8220;https:\/\/missmuffin.dating\/wp-content\/uploads\/2024\/08\/candy-shop-10-2.jpg&#8220; background_size=&#8220;contain&#8220; background_position=&#8220;top_center&#8220; custom_padding=&#8220;||90px|||&#8220; global_colors_info=&#8220;{}&#8220;][et_pb_row _builder_version=&#8220;4.16&#8243; locked=&#8220;off&#8220; global_colors_info=&#8220;{}&#8220;][et_pb_column type=&#8220;4_4&#8243; _builder_version=&#8220;4.16&#8243; custom_padding=&#8220;|||&#8220; global_colors_info=&#8220;{}&#8220; custom_padding__hover=&#8220;|||&#8220;][et_pb_text _builder_version=&#8220;4.27.0&#8243; text_font=&#8220;||||||||&#8220; header_2_font=&#8220;Concert One|700||on|||||&#8220; header_2_text_color=&#8220;#ffffff&#8220; header_2_font_size=&#8220;120px&#8220; text_orientation=&#8220;center&#8220; module_alignment=&#8220;center&#8220; header_2_font_size_tablet=&#8220;80px&#8220; header_2_font_size_phone=&#8220;56px&#8220; header_2_font_size_last_edited=&#8220;on|phone&#8220; header_2_text_shadow_style=&#8220;preset1&#8243; header_2_text_shadow_horizontal_length=&#8220;0.04em&#8220; header_2_text_shadow_vertical_length=&#8220;0.14em&#8220; header_2_text_shadow_blur_strength=&#8220;0.33em&#8220; header_2_text_shadow_color=&#8220;rgba(10,45,97,0.16)&#8220; text_text_align=&#8220;center&#8220; locked=&#8220;off&#8220; global_colors_info=&#8220;{}&#8220;]<\/p>\n<h2>Orte<\/h2>\n<p>[\/et_pb_text][et_pb_text _builder_version=&#8220;4.27.0&#8243; text_font=&#8220;||||||||&#8220; header_font=&#8220;||||||||&#8220; header_2_font=&#8220;Concert One||||||||&#8220; header_2_text_color=&#8220;#0a2d61&#8243; header_2_font_size=&#8220;64px&#8220; header_2_letter_spacing=&#8220;-2px&#8220; text_orientation=&#8220;center&#8220; module_alignment=&#8220;center&#8220; custom_margin=&#8220;-70px||&#8220; custom_margin_tablet=&#8220;&#8220; custom_margin_phone=&#8220;-30px||&#8220; custom_margin_last_edited=&#8220;on|desktop&#8220; header_2_font_size_tablet=&#8220;48px&#8220; header_2_font_size_phone=&#8220;32px&#8220; header_2_font_size_last_edited=&#8220;on|phone&#8220; text_text_align=&#8220;center&#8220; locked=&#8220;off&#8220; global_colors_info=&#8220;{}&#8220;]<\/p>\n<h2>Wann bin ich in Z\u00fcrich?<\/h2>\n<p>[\/et_pb_text][\/et_pb_column][\/et_pb_row][et_pb_row custom_padding_last_edited=&#8220;on|phone&#8220; _builder_version=&#8220;4.27.0&#8243; background_color=&#8220;#ffffff&#8220; max_width=&#8220;760px&#8220; custom_padding=&#8220;60px|100px|60px|100px|true|true&#8220; custom_padding_tablet=&#8220;&#8220; custom_padding_phone=&#8220;20px|20px|20px|20px|true|true&#8220; border_radii=&#8220;on|20px|20px|20px|20px&#8220; box_shadow_style=&#8220;preset1&#8243; box_shadow_horizontal=&#8220;20px&#8220; box_shadow_vertical=&#8220;40px&#8220; box_shadow_blur=&#8220;90px&#8220; box_shadow_color=&#8220;rgba(10,45,97,0.1)&#8220; global_colors_info=&#8220;{}&#8220;][et_pb_column type=&#8220;4_4&#8243; _builder_version=&#8220;4.16&#8243; custom_padding=&#8220;|||&#8220; global_colors_info=&#8220;{}&#8220; custom_padding__hover=&#8220;|||&#8220;][et_pb_icon font_icon=&#8220;&#xf5a0;||fa||900&#8243; _builder_version=&#8220;4.27.0&#8243; _module_preset=&#8220;default&#8220; global_colors_info=&#8220;{}&#8220;][\/et_pb_icon][et_pb_text _builder_version=&#8220;4.27.4&#8243; _module_preset=&#8220;default&#8220; text_font_size=&#8220;20px&#8220; text_line_height=&#8220;1.8em&#8220; header_font=&#8220;Concert One||||||||&#8220; header_3_font=&#8220;Concert One||||||||&#8220; header_3_text_color=&#8220;#f4346c&#8220; hover_enabled=&#8220;0&#8243; global_colors_info=&#8220;{}&#8220; sticky_enabled=&#8220;0&#8243;]<\/p>\n<h3 style=\"text-align: center;\">Z\u00fcrich<\/h3>\n<p style=\"text-align: center;\">28th Mar &#8211; 06th April<\/p>\n<p style=\"text-align: center;\">Ich lebe in Spanien und bin, wenn ich in Z\u00fcrich bin, als In- und Outcall-Escort in Z\u00fcrich und Umgebung t\u00e4tig.<\/p>\n<p style=\"text-align: center;\">Wenn du nicht in meiner N\u00e4he wohnst und mich trotzdem treffen m\u00f6chtest, k\u00f6nnen wir das tun, da ich eine <a href=\"https:\/\/missmuffin.dating\/de\/fly-me-to-you\/\">Reisebegleiterin bin und \u00fcberall auf der Welt<\/a> f\u00fcr Reisebuchungen zur Verf\u00fcgung stehe.<\/p>\n<p style=\"text-align: center;\">Du kannst mich nach Buchungen im In- und Ausland fragen.<\/p>\n<p>[\/et_pb_text][\/et_pb_column][\/et_pb_row][\/et_pb_section][et_pb_section fb_built=&#8220;1&#8243; admin_label=&#8220;Footer&#8220; _builder_version=&#8220;4.16&#8243; use_background_color_gradient=&#8220;on&#8220; background_color_gradient_stops=&#8220;#c6eefd 0%|rgba(230,111,175,0.41) 100%&#8220; background_color_gradient_start=&#8220;#c6eefd&#8220; background_color_gradient_end=&#8220;rgba(230,111,175,0.41)&#8220; background_image=&#8220;https:\/\/missmuffin.dating\/wp-content\/uploads\/2024\/08\/candy-shop-12-1.png&#8220; background_size=&#8220;contain&#8220; background_position=&#8220;top_center&#8220; custom_margin=&#8220;||&#8220; custom_padding=&#8220;24vw||8vw|||&#8220; global_module=&#8220;820&#8243; saved_tabs=&#8220;all&#8220; global_colors_info=&#8220;{}&#8220;][et_pb_row _builder_version=&#8220;4.16&#8243; global_colors_info=&#8220;{}&#8220;][et_pb_column type=&#8220;4_4&#8243; _builder_version=&#8220;4.16&#8243; custom_padding=&#8220;|||&#8220; global_colors_info=&#8220;{}&#8220; custom_padding__hover=&#8220;|||&#8220;][et_pb_text _builder_version=&#8220;4.16&#8243; text_font=&#8220;||||||||&#8220; header_2_font=&#8220;Concert One|700||on|||||&#8220; header_2_text_color=&#8220;#ffffff&#8220; header_2_font_size=&#8220;120px&#8220; text_orientation=&#8220;center&#8220; module_alignment=&#8220;center&#8220; header_2_font_size_tablet=&#8220;80px&#8220; header_2_font_size_phone=&#8220;56px&#8220; header_2_font_size_last_edited=&#8220;on|phone&#8220; header_2_text_shadow_style=&#8220;preset1&#8243; header_2_text_shadow_horizontal_length=&#8220;0.04em&#8220; header_2_text_shadow_vertical_length=&#8220;0.14em&#8220; header_2_text_shadow_blur_strength=&#8220;0.33em&#8220; header_2_text_shadow_color=&#8220;rgba(10,45,97,0.16)&#8220; text_text_align=&#8220;center&#8220; locked=&#8220;off&#8220; global_colors_info=&#8220;{}&#8220;]<\/p>\n<h2>Miss Muffin<\/h2>\n<p>[\/et_pb_text][et_pb_text _builder_version=&#8220;4.16&#8243; text_font=&#8220;||||||||&#8220; header_font=&#8220;||||||||&#8220; header_2_font=&#8220;Concert One||||||||&#8220; header_2_text_color=&#8220;#0a2d61&#8243; header_2_font_size=&#8220;64px&#8220; header_2_letter_spacing=&#8220;-2px&#8220; text_orientation=&#8220;center&#8220; max_width=&#8220;800px&#8220; module_alignment=&#8220;center&#8220; custom_margin=&#8220;-70px||&#8220; custom_margin_tablet=&#8220;&#8220; custom_margin_phone=&#8220;-30px||&#8220; custom_margin_last_edited=&#8220;on|desktop&#8220; header_2_font_size_tablet=&#8220;48px&#8220; header_2_font_size_phone=&#8220;32px&#8220; header_2_font_size_last_edited=&#8220;on|phone&#8220; text_text_align=&#8220;center&#8220; locked=&#8220;off&#8220; global_colors_info=&#8220;{}&#8220;]<\/p>\n<h2>Unabh\u00e4ngiges Escort in Z\u00fcrich<\/h2>\n<p>[\/et_pb_text][et_pb_text _builder_version=&#8220;4.27.4&#8243; text_font=&#8220;||||||||&#8220; header_font=&#8220;||||||||&#8220; header_4_font=&#8220;Concert One||||||||&#8220; header_4_text_align=&#8220;center&#8220; header_4_font_size=&#8220;20px&#8220; header_4_line_height=&#8220;1.5em&#8220; background_layout=&#8220;dark&#8220; max_width=&#8220;800px&#8220; module_alignment=&#8220;center&#8220; header_4_font_size_tablet=&#8220;&#8220; header_4_font_size_phone=&#8220;15px&#8220; header_4_font_size_last_edited=&#8220;on|desktop&#8220; locked=&#8220;off&#8220; global_colors_info=&#8220;{}&#8220;]<\/p>\n<h4>Copyright \u00a92024 Miss Muffin<\/h4>\n<p>[\/et_pb_text][\/et_pb_column][\/et_pb_row][\/et_pb_section]<\/p>\n","protected":false},"excerpt":{"rendered":"<p>TourenWo ich sein werdeBei Fragen kannst du dich gerne an mich wenden!OrteWann bin ich in Z\u00fcrich?Z\u00fcrich 28th Mar &#8211; 06th April Ich lebe in Spanien und bin, wenn ich in Z\u00fcrich bin, als In- und Outcall-Escort in Z\u00fcrich und Umgebung t\u00e4tig. Wenn du nicht in meiner N\u00e4he wohnst und mich trotzdem treffen m\u00f6chtest, k\u00f6nnen wir [&hellip;]<\/p>\n","protected":false},"author":1,"featured_media":0,"parent":0,"menu_order":0,"comment_status":"closed","ping_status":"closed","template":"","meta":{"_seopress_robots_primary_cat":"","_seopress_titles_title":"","_seopress_titles_desc":"Frag mich nach Reservierungen im In- und Ausland.","_seopress_robots_index":"","_et_pb_use_builder":"on","_et_pb_old_content":"","_et_gb_content_width":"","uix_meta_title":"","uix_meta_description":"","uix_canonical_url":"","footnotes":""},"class_list":["post-1030","page","type-page","status-publish","hentry"],"_links":{"self":[{"href":"https:\/\/missmuffin.dating\/de\/wp-json\/wp\/v2\/pages\/1030","targetHints":{"allow":["GET"]}}],"collection":[{"href":"https:\/\/missmuffin.dating\/de\/wp-json\/wp\/v2\/pages"}],"about":[{"href":"https:\/\/missmuffin.dating\/de\/wp-json\/wp\/v2\/types\/page"}],"author":[{"embeddable":true,"href":"https:\/\/missmuffin.dating\/de\/wp-json\/wp\/v2\/users\/1"}],"replies":[{"embeddable":true,"href":"https:\/\/missmuffin.dating\/de\/wp-json\/wp\/v2\/comments?post=1030"}],"version-history":[{"count":8,"href":"https:\/\/missmuffin.dating\/de\/wp-json\/wp\/v2\/pages\/1030\/revisions"}],"predecessor-version":[{"id":2038,"href":"https:\/\/missmuffin.dating\/de\/wp-json\/wp\/v2\/pages\/1030\/revisions\/2038"}],"wp:attachment":[{"href":"https:\/\/missmuffin.dating\/de\/wp-json\/wp\/v2\/media?parent=1030"}],"curies":[{"name":"wp","href":"https:\/\/api.w.org\/{rel}","templated":true}]}}