{"id":1048,"date":"2024-08-03T15:19:23","date_gmt":"2024-08-03T15:19:23","guid":{"rendered":"https:\/\/missmuffin.dating\/statistiken-und-fakten\/"},"modified":"2026-02-18T05:39:42","modified_gmt":"2026-02-18T05:39:42","slug":"statistiken-und-fakten","status":"publish","type":"page","link":"https:\/\/missmuffin.dating\/de\/statistiken-und-fakten\/","title":{"rendered":"Statistiken und Fakten"},"content":{"rendered":"<p>[et_pb_section fb_built=&#8220;1&#8243; admin_label=&#8220;Header&#8220; _builder_version=&#8220;4.27.4&#8243; background_image=&#8220;https:\/\/missmuffin.dating\/wp-content\/uploads\/2025\/01\/other-photo-session-027.jpg&#8220; custom_margin=&#8220;||&#8220; custom_padding=&#8220;||||false|&#8220; background_last_edited=&#8220;on|desktop&#8220; use_background_color_gradient_tablet=&#8220;on&#8220; background_color_gradient_direction_radial_tablet=&#8220;top left&#8220; background_color_gradient_stops_tablet=&#8220;rgba(43,139,205,0.85) 0%|rgba(0,0,0,0) 100%&#8220; background_color_gradient_start_tablet=&#8220;rgba(43,139,205,0.85)&#8220; background_color_gradient_end_tablet=&#8220;rgba(0,0,0,0)&#8220; global_colors_info=&#8220;{}&#8220;][et_pb_row _builder_version=&#8220;4.16&#8243; global_colors_info=&#8220;{}&#8220;][et_pb_column type=&#8220;4_4&#8243; _builder_version=&#8220;4.16&#8243; custom_padding=&#8220;|||&#8220; global_colors_info=&#8220;{}&#8220; custom_padding__hover=&#8220;|||&#8220;][et_pb_text _builder_version=&#8220;4.27.0&#8243; text_font=&#8220;||||||||&#8220; header_font=&#8220;||||||||&#8220; header_2_font=&#8220;Concert One|700||on|||||&#8220; header_2_text_color=&#8220;#ffffff&#8220; header_2_font_size=&#8220;140px&#8220; text_orientation=&#8220;right&#8220; header_2_font_size_tablet=&#8220;80px&#8220; header_2_font_size_phone=&#8220;56px&#8220; header_2_font_size_last_edited=&#8220;on|phone&#8220; header_2_text_shadow_style=&#8220;preset2&#8243; header_2_text_shadow_color=&#8220;rgba(10,45,97,0.16)&#8220; text_text_align=&#8220;right&#8220; locked=&#8220;off&#8220; global_colors_info=&#8220;{}&#8220;]<\/p>\n<h2>\u00dcber mich!<\/h2>\n<p>[\/et_pb_text][et_pb_text _builder_version=&#8220;4.27.0&#8243; text_font=&#8220;||||||||&#8220; header_font=&#8220;Concert One||||||||&#8220; header_text_color=&#8220;#82a8ff&#8220; header_font_size=&#8220;80px&#8220; header_letter_spacing=&#8220;-3px&#8220; text_orientation=&#8220;right&#8220; max_width=&#8220;700px&#8220; module_alignment=&#8220;right&#8220; custom_margin=&#8220;-84px||&#8220; custom_margin_tablet=&#8220;-30px||&#8220; custom_margin_phone=&#8220;&#8220; custom_margin_last_edited=&#8220;on|desktop&#8220; header_font_size_tablet=&#8220;60px&#8220; header_font_size_phone=&#8220;40px&#8220; header_font_size_last_edited=&#8220;on|phone&#8220; text_text_align=&#8220;right&#8220; locked=&#8220;off&#8220; global_colors_info=&#8220;{}&#8220;]<\/p>\n<h1>Statistiken und Fakten<\/h1>\n<p>[\/et_pb_text][et_pb_text _builder_version=&#8220;4.27.0&#8243; text_font=&#8220;||||||||&#8220; header_font=&#8220;||||||||&#8220; header_4_font=&#8220;Concert One||||||||&#8220; header_4_font_size=&#8220;20px&#8220; header_4_line_height=&#8220;1.5em&#8220; text_orientation=&#8220;right&#8220; background_layout=&#8220;dark&#8220; max_width=&#8220;600px&#8220; max_width_last_edited=&#8220;off|tablet&#8220; module_alignment=&#8220;right&#8220; header_4_font_size_tablet=&#8220;&#8220; header_4_font_size_phone=&#8220;15px&#8220; header_4_font_size_last_edited=&#8220;on|desktop&#8220; text_text_align=&#8220;right&#8220; locked=&#8220;off&#8220; global_colors_info=&#8220;{}&#8220;]<\/p>\n<h4>Erfahre mehr \u00fcber mich!<\/h4>\n<p>[\/et_pb_text][\/et_pb_column][\/et_pb_row][\/et_pb_section][et_pb_section fb_built=&#8220;1&#8243; admin_label=&#8220;About&#8220; _builder_version=&#8220;4.16&#8243; background_color=&#8220;#f2f5ff&#8220; background_image=&#8220;https:\/\/missmuffin.dating\/wp-content\/uploads\/2024\/08\/candy-shop-38-1.png&#8220; background_size=&#8220;contain&#8220; background_position=&#8220;bottom_center&#8220; custom_padding=&#8220;0px||15vw|||&#8220; global_colors_info=&#8220;{}&#8220;][et_pb_row admin_label=&#8220;Row&#8220; _builder_version=&#8220;4.16&#8243; width=&#8220;100%&#8220; max_width=&#8220;none&#8220; custom_padding=&#8220;0px||0px|||&#8220; locked=&#8220;off&#8220; global_colors_info=&#8220;{}&#8220;][et_pb_column type=&#8220;4_4&#8243; _builder_version=&#8220;4.16&#8243; custom_padding=&#8220;|||&#8220; global_colors_info=&#8220;{}&#8220; custom_padding__hover=&#8220;|||&#8220;][\/et_pb_column][\/et_pb_row][et_pb_row column_structure=&#8220;3_5,2_5&#8243; _builder_version=&#8220;4.16&#8243; global_colors_info=&#8220;{}&#8220;][et_pb_column type=&#8220;3_5&#8243; _builder_version=&#8220;4.16&#8243; custom_padding=&#8220;|||&#8220; global_colors_info=&#8220;{}&#8220; custom_padding__hover=&#8220;|||&#8220;][et_pb_divider show_divider=&#8220;off&#8220; _builder_version=&#8220;4.16&#8243; use_background_color_gradient=&#8220;on&#8220; background_color_gradient_direction=&#8220;90deg&#8220; background_color_gradient_stops=&#8220;#56d4ff 0%|#82a8ff 100%&#8220; background_color_gradient_start=&#8220;#56d4ff&#8220; background_color_gradient_end=&#8220;#82a8ff&#8220; width=&#8220;100px&#8220; height=&#8220;4px&#8220; custom_margin=&#8220;||40px&#8220; border_radii=&#8220;on|4px|4px|4px|4px&#8220; box_shadow_style=&#8220;preset2&#8243; box_shadow_horizontal=&#8220;0px&#8220; box_shadow_color=&#8220;#82a8ff&#8220; global_colors_info=&#8220;{}&#8220;][\/et_pb_divider][et_pb_text _builder_version=&#8220;4.27.0&#8243; text_font=&#8220;||||||||&#8220; header_font=&#8220;||||||||&#8220; header_2_font=&#8220;Concert One|700||on|||||&#8220; header_2_text_color=&#8220;#ffffff&#8220; header_2_font_size=&#8220;120px&#8220; max_width=&#8220;800px&#8220; module_alignment=&#8220;center&#8220; header_2_font_size_tablet=&#8220;80px&#8220; header_2_font_size_phone=&#8220;56px&#8220; header_2_font_size_last_edited=&#8220;on|phone&#8220; header_2_text_shadow_style=&#8220;preset1&#8243; header_2_text_shadow_horizontal_length=&#8220;0.04em&#8220; header_2_text_shadow_vertical_length=&#8220;0.14em&#8220; header_2_text_shadow_blur_strength=&#8220;0.33em&#8220; header_2_text_shadow_color=&#8220;rgba(10,45,97,0.16)&#8220; locked=&#8220;off&#8220; global_colors_info=&#8220;{}&#8220;]<\/p>\n<h2>Fakten<\/h2>\n<p>[\/et_pb_text][et_pb_text _builder_version=&#8220;4.27.5&#8243; _module_preset=&#8220;default&#8220; text_font_size=&#8220;16px&#8220; text_line_height=&#8220;1.8em&#8220; global_colors_info=&#8220;{}&#8220;]<\/p>\n<ul class=\"wp-block-list\">\n<li><strong>Age:<\/strong> 27<\/li>\n<li><strong>Sexuelle Orientierung<\/strong>: Bi-neugierig<\/li>\n<li><strong>Herkunft:<\/strong> Spanisch, wohnhaft in M\u00e1laga<\/li>\n<li><strong>Gr\u00f6\u00dfe<\/strong>: 158 cm<\/li>\n<li><strong>Gewicht<\/strong>: 65 kg<\/li>\n<li><strong>Taillenumfang<\/strong>: 65 cm<\/li>\n<li><strong>Oberweite:<\/strong> 34G (nat\u00fcrlich)<\/li>\n<li><strong>Haarfarbe:<\/strong> Br\u00fcnett<\/li>\n<li><strong>Augenfarbe<\/strong>: Dunkelbraun<\/li>\n<li><strong>Schambehaarung<\/strong>: Landebahn\/manchmal komplett rasiert<\/li>\n<li><strong>Kleidergr\u00f6\u00dfe<\/strong>: S \u2013 M<\/li>\n<li><strong>Schuhgr\u00f6\u00dfe<\/strong>: 38 EU<\/li>\n<li><strong>Sprachen<\/strong>: Englisch, Spanisch und ein bisschen Deutsch<\/li>\n<li><strong>Humor:<\/strong> Sehr lebhaft, witzig, frech und oft anz\u00fcglich<\/li>\n<\/ul>\n<h2 id=\"headline-20-218\" class=\"wp-block-heading\">Interessante Fakten<\/h2>\n<ol class=\"wp-block-list\">\n<li>Ich bin eine schlechte Schauspielerin.<\/li>\n<li>Ich mag all die Dinge, die niemanden \u00fcberraschen, wie Kunst, Essen, Live-Musik und Filme. Es gibt auch viele unvorhersehbare Dinge, die mir Spa\u00df machen, aber die wirst du mit der Zeit entdecken.<\/li>\n<li>Wie du sehen kannst, liebe ich es, meine beiden gr\u00f6\u00dften Leidenschaften zu verbinden: Essen und Sex!<\/li>\n<li>Ich bin Spanierin, vollbusig und verspielt! Ich bin mit ausgefallener Dessous, s\u00fc\u00dfen Kost\u00fcmen, einem schnellen und frechen Verstand und grenzenloser Begeisterung ausgestattet.<\/li>\n<\/ol>\n<p>(Au\u00dferdem bin ich eine talentierte und leidenschaftliche Liebhaberin&#8230; aber das wirst du pers\u00f6nlich herausfinden! \ud83d\ude09 )<\/p>\n<div class=\"wp-block-columns is-layout-flex wp-container-core-columns-is-layout-2 wp-block-columns-is-layout-flex\">\n<div class=\"wp-block-column is-layout-flow wp-block-column-is-layout-flow\">\n<p>Zu meinen Beilagen geh\u00f6ren meine gro\u00dfen dunklen Augen, meine roten Haare, mein strahlendes L\u00e4cheln und meine sehr glatte, gebr\u00e4unte Haut. Ich bin stolz darauf, warmherzig, freundlich und zug\u00e4nglich zu sein \u2013 aber ich kann auch ein bisschen anspruchsvoll sein, wenn es darum geht, sicherzustellen, dass wir eine tolle Zeit zusammen haben.<\/p>\n<p>Obwohl ich von Natur aus neugierig bin und es liebe, durch Weiterbildung zu lernen, w\u00fcrde ich mich nicht als \u201estilvoll\u201d oder \u201ekultiviert\u201d bezeichnen. (Wenn ich das t\u00e4te, w\u00fcrden Sie mich schneller durchschauen, als man einen Tassenkuchen backen kann!<\/p>\n<p>Ich werde oft als s\u00fc\u00df, bezaubernd und unwiderstehlich niedlich beschrieben, mit einer kurvigen, femininen Figur, bei der alle Rundungen an den richtigen Stellen sitzen \u2013 einschlie\u00dflich meiner gro\u00dfen, nat\u00fcrlichen Br\u00fcste, wie Sie wahrscheinlich in meiner Galerie bemerkt haben.<\/p>\n<\/div>\n<\/div>\n<p>[\/et_pb_text][\/et_pb_column][et_pb_column type=&#8220;2_5&#8243; _builder_version=&#8220;4.16&#8243; custom_padding=&#8220;|||&#8220; global_colors_info=&#8220;{}&#8220; custom_padding__hover=&#8220;|||&#8220;][et_pb_image src=&#8220;https:\/\/missmuffin.dating\/wp-content\/uploads\/2024\/08\/stats-facts-01.jpg&#8220; title_text=&#8220;stats-facts-01&#8243; _builder_version=&#8220;4.27.0&#8243; max_width_tablet=&#8220;400px&#8220; max_width_phone=&#8220;&#8220; max_width_last_edited=&#8220;on|phone&#8220; custom_margin=&#8220;-90px|-10vw||&#8220; custom_margin_tablet=&#8220;0px|0vw|-100px|&#8220; custom_margin_phone=&#8220;&#8220; custom_margin_last_edited=&#8220;on|phone&#8220; animation_style=&#8220;roll&#8220; animation_intensity_roll=&#8220;1%&#8220; border_radii=&#8220;on|706px|706px|706px|706px&#8220; locked=&#8220;off&#8220; global_colors_info=&#8220;{}&#8220;][\/et_pb_image][\/et_pb_column][\/et_pb_row][\/et_pb_section][et_pb_section fb_built=&#8220;1&#8243; admin_label=&#8220;Footer&#8220; _builder_version=&#8220;4.16&#8243; use_background_color_gradient=&#8220;on&#8220; background_color_gradient_stops=&#8220;#c6eefd 0%|rgba(230,111,175,0.41) 100%&#8220; background_color_gradient_start=&#8220;#c6eefd&#8220; background_color_gradient_end=&#8220;rgba(230,111,175,0.41)&#8220; background_image=&#8220;https:\/\/missmuffin.dating\/wp-content\/uploads\/2024\/08\/candy-shop-12-1.png&#8220; background_size=&#8220;contain&#8220; background_position=&#8220;top_center&#8220; custom_margin=&#8220;||&#8220; custom_padding=&#8220;24vw||8vw|||&#8220; global_module=&#8220;820&#8243; saved_tabs=&#8220;all&#8220; global_colors_info=&#8220;{}&#8220;][et_pb_row _builder_version=&#8220;4.16&#8243; global_colors_info=&#8220;{}&#8220;][et_pb_column type=&#8220;4_4&#8243; _builder_version=&#8220;4.16&#8243; custom_padding=&#8220;|||&#8220; global_colors_info=&#8220;{}&#8220; custom_padding__hover=&#8220;|||&#8220;][et_pb_text _builder_version=&#8220;4.16&#8243; text_font=&#8220;||||||||&#8220; header_2_font=&#8220;Concert One|700||on|||||&#8220; header_2_text_color=&#8220;#ffffff&#8220; header_2_font_size=&#8220;120px&#8220; text_orientation=&#8220;center&#8220; module_alignment=&#8220;center&#8220; header_2_font_size_tablet=&#8220;80px&#8220; header_2_font_size_phone=&#8220;56px&#8220; header_2_font_size_last_edited=&#8220;on|phone&#8220; header_2_text_shadow_style=&#8220;preset1&#8243; header_2_text_shadow_horizontal_length=&#8220;0.04em&#8220; header_2_text_shadow_vertical_length=&#8220;0.14em&#8220; header_2_text_shadow_blur_strength=&#8220;0.33em&#8220; header_2_text_shadow_color=&#8220;rgba(10,45,97,0.16)&#8220; text_text_align=&#8220;center&#8220; locked=&#8220;off&#8220; global_colors_info=&#8220;{}&#8220;]<\/p>\n<h2>Miss Muffin<\/h2>\n<p>[\/et_pb_text][et_pb_text _builder_version=&#8220;4.16&#8243; text_font=&#8220;||||||||&#8220; header_font=&#8220;||||||||&#8220; header_2_font=&#8220;Concert One||||||||&#8220; header_2_text_color=&#8220;#0a2d61&#8243; header_2_font_size=&#8220;64px&#8220; header_2_letter_spacing=&#8220;-2px&#8220; text_orientation=&#8220;center&#8220; max_width=&#8220;800px&#8220; module_alignment=&#8220;center&#8220; custom_margin=&#8220;-70px||&#8220; custom_margin_tablet=&#8220;&#8220; custom_margin_phone=&#8220;-30px||&#8220; custom_margin_last_edited=&#8220;on|desktop&#8220; header_2_font_size_tablet=&#8220;48px&#8220; header_2_font_size_phone=&#8220;32px&#8220; header_2_font_size_last_edited=&#8220;on|phone&#8220; text_text_align=&#8220;center&#8220; locked=&#8220;off&#8220; global_colors_info=&#8220;{}&#8220;]<\/p>\n<h2>Unabh\u00e4ngiges Escort in Z\u00fcrich<\/h2>\n<p>[\/et_pb_text][et_pb_text _builder_version=&#8220;4.27.4&#8243; text_font=&#8220;||||||||&#8220; header_font=&#8220;||||||||&#8220; header_4_font=&#8220;Concert One||||||||&#8220; header_4_text_align=&#8220;center&#8220; header_4_font_size=&#8220;20px&#8220; header_4_line_height=&#8220;1.5em&#8220; background_layout=&#8220;dark&#8220; max_width=&#8220;800px&#8220; module_alignment=&#8220;center&#8220; header_4_font_size_tablet=&#8220;&#8220; header_4_font_size_phone=&#8220;15px&#8220; header_4_font_size_last_edited=&#8220;on|desktop&#8220; locked=&#8220;off&#8220; global_colors_info=&#8220;{}&#8220;]<\/p>\n<h4>Copyright \u00a92026 Miss Muffin<\/h4>\n<p>[\/et_pb_text][\/et_pb_column][\/et_pb_row][\/et_pb_section]<\/p>\n","protected":false},"excerpt":{"rendered":"<p>\u00dcber mich!Statistiken und FaktenErfahre mehr \u00fcber mich!FaktenAge: 27Sexuelle Orientierung: Bi-neugierigHerkunft: Spanisch, wohnhaft in M\u00e1lagaGr\u00f6\u00dfe: 158 cmGewicht: 65 kgTaillenumfang: 65 cmOberweite: 34G (nat\u00fcrlich)Haarfarbe: Br\u00fcnettAugenfarbe: DunkelbraunSchambehaarung: Landebahn\/manchmal komplett rasiertKleidergr\u00f6\u00dfe: S \u2013 MSchuhgr\u00f6\u00dfe: 38 EUSprachen: Englisch, Spanisch und ein bisschen DeutschHumor: Sehr lebhaft, witzig, frech und oft anz\u00fcglichInteressante FaktenIch bin eine schlechte Schauspielerin.Ich mag all die Dinge, die [&hellip;]<\/p>\n","protected":false},"author":1,"featured_media":0,"parent":0,"menu_order":0,"comment_status":"closed","ping_status":"closed","template":"","meta":{"_seopress_robots_primary_cat":"","_seopress_titles_title":"","_seopress_titles_desc":"Quirlig, witzig, frech und oft schl\u00fcpfrig. Erfahre mehr \u00fcber mich!","_seopress_robots_index":"","_et_pb_use_builder":"on","_et_pb_old_content":"","_et_gb_content_width":"","uix_meta_title":"","uix_meta_description":"","uix_canonical_url":"","footnotes":""},"class_list":["post-1048","page","type-page","status-publish","hentry"],"_links":{"self":[{"href":"https:\/\/missmuffin.dating\/de\/wp-json\/wp\/v2\/pages\/1048","targetHints":{"allow":["GET"]}}],"collection":[{"href":"https:\/\/missmuffin.dating\/de\/wp-json\/wp\/v2\/pages"}],"about":[{"href":"https:\/\/missmuffin.dating\/de\/wp-json\/wp\/v2\/types\/page"}],"author":[{"embeddable":true,"href":"https:\/\/missmuffin.dating\/de\/wp-json\/wp\/v2\/users\/1"}],"replies":[{"embeddable":true,"href":"https:\/\/missmuffin.dating\/de\/wp-json\/wp\/v2\/comments?post=1048"}],"version-history":[{"count":9,"href":"https:\/\/missmuffin.dating\/de\/wp-json\/wp\/v2\/pages\/1048\/revisions"}],"predecessor-version":[{"id":2166,"href":"https:\/\/missmuffin.dating\/de\/wp-json\/wp\/v2\/pages\/1048\/revisions\/2166"}],"wp:attachment":[{"href":"https:\/\/missmuffin.dating\/de\/wp-json\/wp\/v2\/media?parent=1048"}],"curies":[{"name":"wp","href":"https:\/\/api.w.org\/{rel}","templated":true}]}}