{"id":1052,"date":"2024-08-03T15:19:43","date_gmt":"2024-08-03T15:19:43","guid":{"rendered":"https:\/\/missmuffin.dating\/verwoehn-mich\/"},"modified":"2025-03-29T16:37:40","modified_gmt":"2025-03-29T16:37:40","slug":"verwoehn-mich","status":"publish","type":"page","link":"https:\/\/missmuffin.dating\/de\/verwoehn-mich\/","title":{"rendered":"Verw\u00f6hn mich"},"content":{"rendered":"<p>[et_pb_section fb_built=&#8220;1&#8243; admin_label=&#8220;Header&#8220; _builder_version=&#8220;4.27.4&#8243; background_image=&#8220;https:\/\/missmuffin.dating\/wp-content\/uploads\/2025\/01\/JC_6937-Editar-scaled.jpg&#8220; custom_margin=&#8220;||&#8220; custom_padding=&#8220;||||false|&#8220; background_last_edited=&#8220;on|desktop&#8220; use_background_color_gradient_tablet=&#8220;on&#8220; background_color_gradient_direction_radial_tablet=&#8220;top left&#8220; background_color_gradient_stops_tablet=&#8220;rgba(43,139,205,0.85) 0%|rgba(0,0,0,0) 100%&#8220; background_color_gradient_start_tablet=&#8220;rgba(43,139,205,0.85)&#8220; background_color_gradient_end_tablet=&#8220;rgba(0,0,0,0)&#8220; global_colors_info=&#8220;{}&#8220;][et_pb_row _builder_version=&#8220;4.16&#8243; global_colors_info=&#8220;{}&#8220;][et_pb_column type=&#8220;4_4&#8243; _builder_version=&#8220;4.16&#8243; custom_padding=&#8220;|||&#8220; global_colors_info=&#8220;{}&#8220; custom_padding__hover=&#8220;|||&#8220;][et_pb_text _builder_version=&#8220;4.16&#8243; text_font=&#8220;||||||||&#8220; header_font=&#8220;||||||||&#8220; header_2_font=&#8220;Concert One|700||on|||||&#8220; header_2_text_color=&#8220;#ffffff&#8220; header_2_font_size=&#8220;140px&#8220; text_orientation=&#8220;right&#8220; header_2_font_size_tablet=&#8220;80px&#8220; header_2_font_size_phone=&#8220;56px&#8220; header_2_font_size_last_edited=&#8220;on|phone&#8220; header_2_text_shadow_style=&#8220;preset2&#8243; header_2_text_shadow_color=&#8220;rgba(10,45,97,0.16)&#8220; text_text_align=&#8220;right&#8220; locked=&#8220;off&#8220; global_colors_info=&#8220;{}&#8220;]<\/p>\n<h2>Verw\u00f6hn mich!<\/h2>\n<p>[\/et_pb_text][et_pb_text _builder_version=&#8220;4.27.0&#8243; text_font=&#8220;||||||||&#8220; header_font=&#8220;Concert One||||||||&#8220; header_text_color=&#8220;#82a8ff&#8220; header_font_size=&#8220;80px&#8220; header_letter_spacing=&#8220;-3px&#8220; text_orientation=&#8220;right&#8220; max_width=&#8220;700px&#8220; module_alignment=&#8220;right&#8220; custom_margin=&#8220;-84px||&#8220; custom_margin_tablet=&#8220;-30px||&#8220; custom_margin_phone=&#8220;&#8220; custom_margin_last_edited=&#8220;on|desktop&#8220; header_font_size_tablet=&#8220;60px&#8220; header_font_size_phone=&#8220;40px&#8220; header_font_size_last_edited=&#8220;on|phone&#8220; text_text_align=&#8220;right&#8220; locked=&#8220;off&#8220; global_colors_info=&#8220;{}&#8220;]<\/p>\n<h1>Oh, wie s\u00fc\u00df! Danke.<\/h1>\n<p>[\/et_pb_text][et_pb_text _builder_version=&#8220;4.27.0&#8243; text_font=&#8220;||||||||&#8220; header_font=&#8220;||||||||&#8220; header_4_font=&#8220;Concert One||||||||&#8220; header_4_font_size=&#8220;20px&#8220; header_4_line_height=&#8220;1.5em&#8220; text_orientation=&#8220;right&#8220; background_layout=&#8220;dark&#8220; max_width=&#8220;600px&#8220; max_width_last_edited=&#8220;off|tablet&#8220; module_alignment=&#8220;right&#8220; header_4_font_size_tablet=&#8220;&#8220; header_4_font_size_phone=&#8220;15px&#8220; header_4_font_size_last_edited=&#8220;on|desktop&#8220; text_text_align=&#8220;right&#8220; locked=&#8220;off&#8220; global_colors_info=&#8220;{}&#8220;]<\/p>\n<h4>Diese Geschenke machen meine Beine schwach und meine Zehen kr\u00fcmmen sich!<\/h4>\n<p>[\/et_pb_text][\/et_pb_column][\/et_pb_row][\/et_pb_section][et_pb_section fb_built=&#8220;1&#8243; admin_label=&#8220;About&#8220; _builder_version=&#8220;4.16&#8243; background_color=&#8220;#f2f5ff&#8220; background_image=&#8220;https:\/\/missmuffin.dating\/wp-content\/uploads\/2024\/08\/candy-shop-38-1.png&#8220; background_size=&#8220;contain&#8220; background_position=&#8220;bottom_center&#8220; custom_padding=&#8220;0px||15vw|||&#8220; global_colors_info=&#8220;{}&#8220;][et_pb_row admin_label=&#8220;Row&#8220; _builder_version=&#8220;4.16&#8243; width=&#8220;100%&#8220; max_width=&#8220;none&#8220; custom_padding=&#8220;0px||0px|||&#8220; locked=&#8220;off&#8220; global_colors_info=&#8220;{}&#8220;][et_pb_column type=&#8220;4_4&#8243; _builder_version=&#8220;4.16&#8243; custom_padding=&#8220;|||&#8220; global_colors_info=&#8220;{}&#8220; custom_padding__hover=&#8220;|||&#8220;][\/et_pb_column][\/et_pb_row][et_pb_row column_structure=&#8220;3_5,2_5&#8243; _builder_version=&#8220;4.16&#8243; global_colors_info=&#8220;{}&#8220;][et_pb_column type=&#8220;3_5&#8243; _builder_version=&#8220;4.16&#8243; custom_padding=&#8220;|||&#8220; global_colors_info=&#8220;{}&#8220; custom_padding__hover=&#8220;|||&#8220;][et_pb_divider show_divider=&#8220;off&#8220; _builder_version=&#8220;4.16&#8243; use_background_color_gradient=&#8220;on&#8220; background_color_gradient_direction=&#8220;90deg&#8220; background_color_gradient_stops=&#8220;#56d4ff 0%|#82a8ff 100%&#8220; background_color_gradient_start=&#8220;#56d4ff&#8220; background_color_gradient_end=&#8220;#82a8ff&#8220; width=&#8220;100px&#8220; height=&#8220;4px&#8220; custom_margin=&#8220;||40px&#8220; border_radii=&#8220;on|4px|4px|4px|4px&#8220; box_shadow_style=&#8220;preset2&#8243; box_shadow_horizontal=&#8220;0px&#8220; box_shadow_color=&#8220;#82a8ff&#8220; global_colors_info=&#8220;{}&#8220;][\/et_pb_divider][et_pb_text _builder_version=&#8220;4.27.0&#8243; text_font=&#8220;||||||||&#8220; header_font=&#8220;||||||||&#8220; header_2_font=&#8220;Concert One|700||on|||||&#8220; header_2_text_color=&#8220;#ffffff&#8220; header_2_font_size=&#8220;120px&#8220; max_width=&#8220;800px&#8220; module_alignment=&#8220;center&#8220; header_2_font_size_tablet=&#8220;80px&#8220; header_2_font_size_phone=&#8220;56px&#8220; header_2_font_size_last_edited=&#8220;on|phone&#8220; header_2_text_shadow_style=&#8220;preset1&#8243; header_2_text_shadow_horizontal_length=&#8220;0.04em&#8220; header_2_text_shadow_vertical_length=&#8220;0.14em&#8220; header_2_text_shadow_blur_strength=&#8220;0.33em&#8220; header_2_text_shadow_color=&#8220;rgba(10,45,97,0.16)&#8220; locked=&#8220;off&#8220; global_colors_info=&#8220;{}&#8220;]<\/p>\n<h2>Verw\u00f6hn mich!<\/h2>\n<p>[\/et_pb_text][et_pb_text _builder_version=&#8220;4.27.4&#8243; _module_preset=&#8220;default&#8220; text_font_size=&#8220;16px&#8220; text_line_height=&#8220;1.8em&#8220; hover_enabled=&#8220;0&#8243; global_colors_info=&#8220;{}&#8220; sticky_enabled=&#8220;0&#8243;]<\/p>\n<p>The famous quote says diamonds are a girl&#8217;s best friend, but I disagree\u2014it could also be a box of candy!<\/p>\n<p>For the gentlemen who enjoy pampering a woman with little gifts, I&#8217;m sharing a list of tiny delights that make me weak in the knees!<\/p>\n<p><em>Oh, and just so you know, my birthday is in October!<\/em><\/p>\n<ul class=\"wp-block-list\">\n<li><strong>Lingerie:<\/strong> Honey Birdette, Bordelle, Agent Provocateur, For Love and Lemons, Fleur of England, and Studio Pia.<\/li>\n<li><strong>Shoes:<\/strong> I adore the brands Jimmy Choo and Louboutin, but I also enjoy ON sneakers.<\/li>\n<li><strong>Jewellery:<\/strong> I have a soft spot for pearls and rose gold or silver accessories.<\/li>\n<li><strong>Flowers:<\/strong> Tulips, roses, and daisies are my favourites.<\/li>\n<li><strong>Perfume:<\/strong> La Vie Est Belle.<\/li>\n<li><strong>Books;<\/strong> I love reading across all genres. Share your favourite book with me and let&#8217;s discuss it together!<\/li>\n<li><strong>Sex Toys:<\/strong> What better gift is there than the gift of pleasure?<\/li>\n<\/ul>\n<p><strong>Preferred Gift Cards:<\/strong>\u00a0<a href=\"https:\/\/www.sephora.com\/beauty\/giftcards\" target=\"_blank\" rel=\"noreferrer noopener\">Sephora<\/a>,\u00a0<a href=\"https:\/\/www.net-a-porter.com\/en-us\/content\/gift-cards\/\" target=\"_blank\" rel=\"noreferrer noopener\">Net-a-Porter<\/a>,\u00a0<a href=\"https:\/\/www.amazon.es\/cheques-regalo\/b?ie=UTF8&amp;node=3564279031\" target=\"_blank\" rel=\"noreferrer noopener\">Amazon<\/a>,\u00a0<a href=\"https:\/\/www.agentprovocateur.com\/eu_en\/gift-vouchers-5180\" target=\"_blank\" rel=\"noreferrer noopener\">Agent Provocateur<\/a>\u00a0and\u00a0<a href=\"https:\/\/eu.honeybirdette.com\/products\/online-gift-voucher?geo=EU&amp;currency=EUR&amp;international=true\" target=\"_blank\" rel=\"noreferrer noopener\">Honey Birdette<\/a>.<\/p>\n<p><strong>Charities:<\/strong>\u00a0<a href=\"https:\/\/www.swarmcollective.org\/\" target=\"_blank\" rel=\"noreferrer noopener\">SWARM,<\/a>\u00a0<a href=\"https:\/\/www.umbrellalane.org\/\" target=\"_blank\" rel=\"noreferrer noopener\">Umbrella Lane,<\/a>\u00a0<a href=\"https:\/\/nationaluglymugs.org\/\" target=\"_blank\" rel=\"noreferrer noopener\">UglyMugs<\/a>,<a href=\"http:\/\/www.aprosex.org\/\" target=\"_blank\" rel=\"noreferrer noopener\">\u00a0Aprosex<\/a>,\u00a0<a href=\"https:\/\/procore-info.ch\/en\/who-we-are\/\" target=\"_blank\" rel=\"noreferrer noopener\">Procore<\/a>\u00a0and\u00a0<a href=\"http:\/\/www.sindicatootras.org\/\" target=\"_blank\" rel=\"noreferrer noopener\">Otras.<\/a><\/p>\n<p><strong>Little Things I Always Appreciate<\/strong>: Candles, bows, and anything cute.<\/p>\n<p><strong>Food:<\/strong> I am addicted to fruit and love trying all kinds of new flavours. Lately, I&#8217;ve been enjoying salty foods more than sweet. (I&#8217;m trying to cut back on sweets because, at this rate, I might die of diabetes in my 30s! \ud83d\ude06)<\/p>\n<p>I am lactose intolerant, but luckily there are plenty of lactose-free options on the market!<\/p>\n<p><strong>Leisure\/Activities:<\/strong><\/p>\n<ul>\n<li>Take me to the theatre, an art exhibition, the opera, or the cinema.<\/li>\n<li>Surprise me with toys for my pet cat.<\/li>\n<li>Gift me a subscription to Amazon Prime Books.<\/li>\n<li>Make me laugh or let&#8217;s share a relaxing day at the spa or get massages.<\/li>\n<li>I love pencils for drawing and painting.<\/li>\n<\/ul>\n<p><strong>Invest in Me:<\/strong><\/p>\n<ul>\n<li>Help fund my next photo shoot, and you&#8217;ll get exclusive access to the photos before anyone else.<\/li>\n<li>Support my academic training: I have a curious, restless mind and love learning. Short courses in art, technology, design, writing, or languages always excite me.<\/li>\n<\/ul>\n<p>No matter the size or cost, your gift will be extremely appreciated!<\/p>\n<p>Thank you sooooooooo much!<\/p>\n<p>[\/et_pb_text][\/et_pb_column][et_pb_column type=&#8220;2_5&#8243; _builder_version=&#8220;4.16&#8243; custom_padding=&#8220;|||&#8220; global_colors_info=&#8220;{}&#8220; custom_padding__hover=&#8220;|||&#8220;][et_pb_image src=&#8220;https:\/\/missmuffin.dating\/wp-content\/uploads\/2025\/01\/IMG_0086_b-1-scaled.jpg&#8220; title_text=&#8220;IMG_0086_b&#8220; _builder_version=&#8220;4.27.4&#8243; max_width_tablet=&#8220;400px&#8220; max_width_phone=&#8220;&#8220; max_width_last_edited=&#8220;on|phone&#8220; custom_margin=&#8220;-90px|-10vw||&#8220; custom_margin_tablet=&#8220;0px|0vw|-100px|&#8220; custom_margin_phone=&#8220;&#8220; custom_margin_last_edited=&#8220;on|phone&#8220; animation_style=&#8220;roll&#8220; animation_intensity_roll=&#8220;1%&#8220; border_radii=&#8220;on|706px|706px|706px|706px&#8220; locked=&#8220;off&#8220; global_colors_info=&#8220;{}&#8220;][\/et_pb_image][\/et_pb_column][\/et_pb_row][\/et_pb_section][et_pb_section fb_built=&#8220;1&#8243; admin_label=&#8220;Footer&#8220; _builder_version=&#8220;4.16&#8243; use_background_color_gradient=&#8220;on&#8220; background_color_gradient_stops=&#8220;#c6eefd 0%|rgba(230,111,175,0.41) 100%&#8220; background_color_gradient_start=&#8220;#c6eefd&#8220; background_color_gradient_end=&#8220;rgba(230,111,175,0.41)&#8220; background_image=&#8220;https:\/\/missmuffin.dating\/wp-content\/uploads\/2024\/08\/candy-shop-12-1.png&#8220; background_size=&#8220;contain&#8220; background_position=&#8220;top_center&#8220; custom_margin=&#8220;||&#8220; custom_padding=&#8220;24vw||8vw|||&#8220; global_module=&#8220;820&#8243; saved_tabs=&#8220;all&#8220; global_colors_info=&#8220;{}&#8220;][et_pb_row _builder_version=&#8220;4.16&#8243; global_colors_info=&#8220;{}&#8220;][et_pb_column type=&#8220;4_4&#8243; _builder_version=&#8220;4.16&#8243; custom_padding=&#8220;|||&#8220; global_colors_info=&#8220;{}&#8220; custom_padding__hover=&#8220;|||&#8220;][et_pb_text _builder_version=&#8220;4.16&#8243; text_font=&#8220;||||||||&#8220; header_2_font=&#8220;Concert One|700||on|||||&#8220; header_2_text_color=&#8220;#ffffff&#8220; header_2_font_size=&#8220;120px&#8220; text_orientation=&#8220;center&#8220; module_alignment=&#8220;center&#8220; header_2_font_size_tablet=&#8220;80px&#8220; header_2_font_size_phone=&#8220;56px&#8220; header_2_font_size_last_edited=&#8220;on|phone&#8220; header_2_text_shadow_style=&#8220;preset1&#8243; header_2_text_shadow_horizontal_length=&#8220;0.04em&#8220; header_2_text_shadow_vertical_length=&#8220;0.14em&#8220; header_2_text_shadow_blur_strength=&#8220;0.33em&#8220; header_2_text_shadow_color=&#8220;rgba(10,45,97,0.16)&#8220; text_text_align=&#8220;center&#8220; locked=&#8220;off&#8220; global_colors_info=&#8220;{}&#8220;]<\/p>\n<h2>Miss Muffin<\/h2>\n<p>[\/et_pb_text][et_pb_text _builder_version=&#8220;4.16&#8243; text_font=&#8220;||||||||&#8220; header_font=&#8220;||||||||&#8220; header_2_font=&#8220;Concert One||||||||&#8220; header_2_text_color=&#8220;#0a2d61&#8243; header_2_font_size=&#8220;64px&#8220; header_2_letter_spacing=&#8220;-2px&#8220; text_orientation=&#8220;center&#8220; max_width=&#8220;800px&#8220; module_alignment=&#8220;center&#8220; custom_margin=&#8220;-70px||&#8220; custom_margin_tablet=&#8220;&#8220; custom_margin_phone=&#8220;-30px||&#8220; custom_margin_last_edited=&#8220;on|desktop&#8220; header_2_font_size_tablet=&#8220;48px&#8220; header_2_font_size_phone=&#8220;32px&#8220; header_2_font_size_last_edited=&#8220;on|phone&#8220; text_text_align=&#8220;center&#8220; locked=&#8220;off&#8220; global_colors_info=&#8220;{}&#8220;]<\/p>\n<h1>Unabh\u00e4ngiges Escort in Z\u00fcrich<\/h1>\n<p>[\/et_pb_text][et_pb_text _builder_version=&#8220;4.27.4&#8243; text_font=&#8220;||||||||&#8220; header_font=&#8220;||||||||&#8220; header_4_font=&#8220;Concert One||||||||&#8220; header_4_text_align=&#8220;center&#8220; header_4_font_size=&#8220;20px&#8220; header_4_line_height=&#8220;1.5em&#8220; background_layout=&#8220;dark&#8220; max_width=&#8220;800px&#8220; module_alignment=&#8220;center&#8220; header_4_font_size_tablet=&#8220;&#8220; header_4_font_size_phone=&#8220;15px&#8220; header_4_font_size_last_edited=&#8220;on|desktop&#8220; locked=&#8220;off&#8220; global_colors_info=&#8220;{}&#8220;]<\/p>\n<h4>Copyright \u00a92024 Miss Muffin<\/h4>\n<p>[\/et_pb_text][\/et_pb_column][\/et_pb_row][\/et_pb_section]<\/p>\n","protected":false},"excerpt":{"rendered":"<p>Verw\u00f6hn mich!Oh, wie s\u00fc\u00df! Danke.Diese Geschenke machen meine Beine schwach und meine Zehen kr\u00fcmmen sich!Verw\u00f6hn mich!The famous quote says diamonds are a girl&#8217;s best friend, but I disagree\u2014it could also be a box of candy! For the gentlemen who enjoy pampering a woman with little gifts, I&#8217;m sharing a list of tiny delights that make [&hellip;]<\/p>\n","protected":false},"author":1,"featured_media":0,"parent":0,"menu_order":0,"comment_status":"closed","ping_status":"closed","template":"","meta":{"_seopress_robots_primary_cat":"","_seopress_titles_title":"","_seopress_titles_desc":"Oh! Danke. Bei diesen Geschenken werden mir ganz weiche Knie und krumme Zehen!","_seopress_robots_index":"","_et_pb_use_builder":"on","_et_pb_old_content":"","_et_gb_content_width":"","uix_meta_title":"","uix_meta_description":"","uix_canonical_url":"","footnotes":""},"class_list":["post-1052","page","type-page","status-publish","hentry"],"_links":{"self":[{"href":"https:\/\/missmuffin.dating\/de\/wp-json\/wp\/v2\/pages\/1052","targetHints":{"allow":["GET"]}}],"collection":[{"href":"https:\/\/missmuffin.dating\/de\/wp-json\/wp\/v2\/pages"}],"about":[{"href":"https:\/\/missmuffin.dating\/de\/wp-json\/wp\/v2\/types\/page"}],"author":[{"embeddable":true,"href":"https:\/\/missmuffin.dating\/de\/wp-json\/wp\/v2\/users\/1"}],"replies":[{"embeddable":true,"href":"https:\/\/missmuffin.dating\/de\/wp-json\/wp\/v2\/comments?post=1052"}],"version-history":[{"count":6,"href":"https:\/\/missmuffin.dating\/de\/wp-json\/wp\/v2\/pages\/1052\/revisions"}],"predecessor-version":[{"id":2032,"href":"https:\/\/missmuffin.dating\/de\/wp-json\/wp\/v2\/pages\/1052\/revisions\/2032"}],"wp:attachment":[{"href":"https:\/\/missmuffin.dating\/de\/wp-json\/wp\/v2\/media?parent=1052"}],"curies":[{"name":"wp","href":"https:\/\/api.w.org\/{rel}","templated":true}]}}