{"id":1056,"date":"2024-08-03T15:19:52","date_gmt":"2024-08-03T15:19:52","guid":{"rendered":"https:\/\/missmuffin.dating\/faqs\/"},"modified":"2025-01-19T13:24:19","modified_gmt":"2025-01-19T13:24:19","slug":"faqs","status":"publish","type":"page","link":"https:\/\/missmuffin.dating\/de\/faqs\/","title":{"rendered":"FAQs"},"content":{"rendered":"<p>[et_pb_section fb_built=&#8220;1&#8243; admin_label=&#8220;Header&#8220; _builder_version=&#8220;4.27.0&#8243; background_image=&#8220;https:\/\/missmuffin.dating\/wp-content\/uploads\/2024\/08\/faqs-hero.jpg&#8220; custom_margin=&#8220;||&#8220; custom_padding=&#8220;||||false|&#8220; background_last_edited=&#8220;on|desktop&#8220; use_background_color_gradient_tablet=&#8220;on&#8220; background_color_gradient_direction_radial_tablet=&#8220;top left&#8220; background_color_gradient_stops_tablet=&#8220;rgba(43,139,205,0.85) 0%|rgba(0,0,0,0) 100%&#8220; background_color_gradient_start_tablet=&#8220;rgba(43,139,205,0.85)&#8220; background_color_gradient_end_tablet=&#8220;rgba(0,0,0,0)&#8220; global_colors_info=&#8220;{}&#8220;][et_pb_row _builder_version=&#8220;4.16&#8243; global_colors_info=&#8220;{}&#8220;][et_pb_column type=&#8220;4_4&#8243; _builder_version=&#8220;4.16&#8243; custom_padding=&#8220;|||&#8220; global_colors_info=&#8220;{}&#8220; custom_padding__hover=&#8220;|||&#8220;][et_pb_text _builder_version=&#8220;4.16&#8243; text_font=&#8220;||||||||&#8220; header_font=&#8220;||||||||&#8220; header_2_font=&#8220;Concert One|700||on|||||&#8220; header_2_text_color=&#8220;#ffffff&#8220; header_2_font_size=&#8220;140px&#8220; text_orientation=&#8220;right&#8220; header_2_font_size_tablet=&#8220;80px&#8220; header_2_font_size_phone=&#8220;56px&#8220; header_2_font_size_last_edited=&#8220;on|phone&#8220; header_2_text_shadow_style=&#8220;preset2&#8243; header_2_text_shadow_color=&#8220;rgba(10,45,97,0.16)&#8220; text_text_align=&#8220;right&#8220; locked=&#8220;off&#8220; global_colors_info=&#8220;{}&#8220;]<\/p>\n<h2>FAQs<\/h2>\n<p>[\/et_pb_text][et_pb_text _builder_version=&#8220;4.27.0&#8243; text_font=&#8220;||||||||&#8220; header_font=&#8220;Concert One||||||||&#8220; header_text_color=&#8220;#f4346c&#8220; header_font_size=&#8220;80px&#8220; header_letter_spacing=&#8220;-3px&#8220; text_orientation=&#8220;right&#8220; max_width=&#8220;700px&#8220; module_alignment=&#8220;right&#8220; custom_margin=&#8220;-84px||&#8220; custom_margin_tablet=&#8220;-30px||&#8220; custom_margin_phone=&#8220;&#8220; custom_margin_last_edited=&#8220;on|desktop&#8220; header_font_size_tablet=&#8220;60px&#8220; header_font_size_phone=&#8220;40px&#8220; header_font_size_last_edited=&#8220;on|phone&#8220; text_text_align=&#8220;right&#8220; locked=&#8220;off&#8220; global_colors_info=&#8220;{}&#8220;]<\/p>\n<h1>Hast du noch weitere Fragen?<\/h1>\n<p>[\/et_pb_text][et_pb_text _builder_version=&#8220;4.27.0&#8243; text_font=&#8220;||||||||&#8220; header_font=&#8220;||||||||&#8220; header_4_font=&#8220;Concert One||||||||&#8220; header_4_font_size=&#8220;20px&#8220; header_4_line_height=&#8220;1.5em&#8220; text_orientation=&#8220;right&#8220; background_layout=&#8220;dark&#8220; max_width=&#8220;600px&#8220; max_width_last_edited=&#8220;off|tablet&#8220; module_alignment=&#8220;right&#8220; header_4_font_size_tablet=&#8220;&#8220; header_4_font_size_phone=&#8220;15px&#8220; header_4_font_size_last_edited=&#8220;on|desktop&#8220; text_text_align=&#8220;right&#8220; locked=&#8220;off&#8220; global_colors_info=&#8220;{}&#8220;]<\/p>\n<h4>Hier sind einige der Fragen, die mir h\u00e4ufig gestellt werden. Wenn ihr weitere Fragen habt, k\u00f6nnt ihr euch gerne an mich wenden!<\/h4>\n<p>[\/et_pb_text][\/et_pb_column][\/et_pb_row][\/et_pb_section][et_pb_section fb_built=&#8220;1&#8243; admin_label=&#8220;About&#8220; _builder_version=&#8220;4.16&#8243; background_color=&#8220;#f2f5ff&#8220; background_image=&#8220;https:\/\/missmuffin.dating\/wp-content\/uploads\/2024\/08\/candy-shop-38-1.png&#8220; background_size=&#8220;contain&#8220; background_position=&#8220;bottom_center&#8220; custom_padding=&#8220;0px||15vw|||&#8220; global_colors_info=&#8220;{}&#8220;][et_pb_row admin_label=&#8220;Row&#8220; _builder_version=&#8220;4.16&#8243; width=&#8220;100%&#8220; max_width=&#8220;none&#8220; custom_padding=&#8220;0px||0px|||&#8220; locked=&#8220;off&#8220; global_colors_info=&#8220;{}&#8220;][et_pb_column type=&#8220;4_4&#8243; _builder_version=&#8220;4.16&#8243; custom_padding=&#8220;|||&#8220; global_colors_info=&#8220;{}&#8220; custom_padding__hover=&#8220;|||&#8220;][\/et_pb_column][\/et_pb_row][et_pb_row column_structure=&#8220;3_5,2_5&#8243; _builder_version=&#8220;4.16&#8243; global_colors_info=&#8220;{}&#8220;][et_pb_column type=&#8220;3_5&#8243; _builder_version=&#8220;4.16&#8243; custom_padding=&#8220;|||&#8220; global_colors_info=&#8220;{}&#8220; custom_padding__hover=&#8220;|||&#8220;][et_pb_divider show_divider=&#8220;off&#8220; _builder_version=&#8220;4.16&#8243; use_background_color_gradient=&#8220;on&#8220; background_color_gradient_direction=&#8220;90deg&#8220; background_color_gradient_stops=&#8220;#56d4ff 0%|#82a8ff 100%&#8220; background_color_gradient_start=&#8220;#56d4ff&#8220; background_color_gradient_end=&#8220;#82a8ff&#8220; width=&#8220;100px&#8220; height=&#8220;4px&#8220; custom_margin=&#8220;||40px&#8220; border_radii=&#8220;on|4px|4px|4px|4px&#8220; box_shadow_style=&#8220;preset2&#8243; box_shadow_horizontal=&#8220;0px&#8220; box_shadow_color=&#8220;#82a8ff&#8220; global_colors_info=&#8220;{}&#8220;][\/et_pb_divider][et_pb_text _builder_version=&#8220;4.16&#8243; text_font=&#8220;||||||||&#8220; header_font=&#8220;||||||||&#8220; header_2_font=&#8220;Concert One|700||on|||||&#8220; header_2_text_color=&#8220;#ffffff&#8220; header_2_font_size=&#8220;120px&#8220; max_width=&#8220;800px&#8220; module_alignment=&#8220;center&#8220; header_2_font_size_tablet=&#8220;80px&#8220; header_2_font_size_phone=&#8220;56px&#8220; header_2_font_size_last_edited=&#8220;on|phone&#8220; header_2_text_shadow_style=&#8220;preset1&#8243; header_2_text_shadow_horizontal_length=&#8220;0.04em&#8220; header_2_text_shadow_vertical_length=&#8220;0.14em&#8220; header_2_text_shadow_blur_strength=&#8220;0.33em&#8220; header_2_text_shadow_color=&#8220;rgba(10,45,97,0.16)&#8220; locked=&#8220;off&#8220; global_colors_info=&#8220;{}&#8220;]<\/p>\n<h2>Antworten<\/h2>\n<p>[\/et_pb_text][et_pb_toggle title=&#8220;Ich bin (Alter hier einf\u00fcgen) Jahre alt. Ist mein Alter ein Problem f\u00fcr dich?&#8220; icon_color=&#8220;#82a8ff&#8220; toggle_icon=&#8220;&#xf004;||fa||400&#8243; open_icon_color=&#8220;#82a8ff&#8220; open_toggle_icon=&#8220;&#xf004;||fa||900&#8243; _builder_version=&#8220;4.27.0&#8243; _module_preset=&#8220;default&#8220; title_font=&#8220;&#8211;et_global_body_font|900|||||||&#8220; border_color_all=&#8220;#82a8ff&#8220; global_colors_info=&#8220;{}&#8220;]<\/p>\n<p>Das Alter ist f\u00fcr mich nur wichtig, wenn du ein K\u00e4se oder ein Wein bist. Mit anderen Worten, es ist nicht wichtig. Ich freue mich \u00fcber Besuche von Herren ab 18 Jahren.<\/p>\n<p>[\/et_pb_toggle][et_pb_toggle title=&#8220;Erh\u00e4ltst du Besuch von Menschen mit Behinderung oder Menschen jeglicher ethnischer Zugeh\u00f6rigkeit?&#8220; icon_color=&#8220;#82a8ff&#8220; toggle_icon=&#8220;&#xf004;||fa||400&#8243; open_icon_color=&#8220;#82a8ff&#8220; open_toggle_icon=&#8220;&#xf004;||fa||900&#8243; _builder_version=&#8220;4.27.0&#8243; _module_preset=&#8220;default&#8220; title_font=&#8220;|800|||||||&#8220; title_line_height=&#8220;1.4em&#8220; border_color_all=&#8220;#82a8ff&#8220; global_colors_info=&#8220;{}&#8220;]<\/p>\n<p>In einer perfekten Welt w\u00e4re das selbstverst\u00e4ndlich und m\u00fcsste nicht einmal erw\u00e4hnt werden, aber nein, ich diskriminieren keinen Gentleman aufgrund einer Behinderung, seiner ethnischen Zugeh\u00f6rigkeit oder irgendetwas anderem, worauf man keinen Einfluss hat. Du musst mir das nicht extra mitteilen.<\/p>\n<p>(Au\u00dfer, du hast ein Mobilit\u00e4tsproblem, das dich daran hindern k\u00f6nnte, ein paar Stufen zu steigen.)<\/p>\n<p>[\/et_pb_toggle][et_pb_toggle title=&#8220;Bietet ihr Rabatte, \u201eQuickies\u201c oder kurzfristige Termine an?&#8220; icon_color=&#8220;#82a8ff&#8220; toggle_icon=&#8220;&#xf004;||fa||400&#8243; open_icon_color=&#8220;#82a8ff&#8220; open_toggle_icon=&#8220;&#xf004;||fa||900&#8243; _builder_version=&#8220;4.27.0&#8243; _module_preset=&#8220;default&#8220; title_font=&#8220;|800|||||||&#8220; border_color_all=&#8220;#82a8ff&#8220; global_colors_info=&#8220;{}&#8220;]<\/p>\n<p>Was die ersten beiden Fragen angeht, lautet die Antwort ganz klar NEIN. Um ein tolles, k\u00f6stliches Dessert zuzubereiten, braucht man hochwertige Zutaten und Zeit. Daher lehne ich jedes Angebot von Herren ab, die an den Kosten sparen wollen, und auch sehr kurzfristige Buchungen werden abgelehnt. (Mein k\u00fcrzester Service dauert eine halbe Stunde, was meiner Meinung nach die Mindestzeit ist, die mein Ofen zum Aufheizen ben\u00f6tigt, um ein angenehmes Erlebnis zu bieten.<\/p>\n<p><b>Was kurzfristige Buchungsanfragen<\/b> angeht, habe ich nichts dagegen, <b>aber<\/b> das Problem ist, dass es vielleicht nicht verf\u00fcgbar ist, wenn du mich informierst. Es ist immer besser, ein Treffen etwas im Voraus zu organisieren (am besten eine Stunde oder mehr).<\/p>\n<p>Also, lass es mich so schnell wie m\u00f6glich wissen, damit wir etwas organisieren k\u00f6nnen. (Wenn du das tust, steigt deine Chance, mich zu sehen!)<\/p>\n<p>[\/et_pb_toggle][et_pb_toggle title=&#8220;Wie oft k\u00f6nnen wir &#8230; kochen?&#8220; icon_color=&#8220;#82a8ff&#8220; toggle_icon=&#8220;&#xf004;||fa||400&#8243; open_icon_color=&#8220;#82a8ff&#8220; open_toggle_icon=&#8220;&#xf004;||fa||900&#8243; _builder_version=&#8220;4.27.0&#8243; _module_preset=&#8220;default&#8220; title_font=&#8220;|800|||||||&#8220; border_color_all=&#8220;#82a8ff&#8220; global_colors_info=&#8220;{}&#8220;]<\/p>\n<p>Das solltest du besser wissen als ich, lol! Aber meine Antwort w\u00e4re: So oft wie m\u00f6glich w\u00e4hrend unserer Zeit.<\/p>\n<p>[\/et_pb_toggle][et_pb_toggle title=&#8220;Wie kann ich dich kontaktieren? Und wie lange dauert ein Termin bei dir durchschnittlich?&#8220; icon_color=&#8220;#82a8ff&#8220; toggle_icon=&#8220;&#xf004;||fa||400&#8243; open_icon_color=&#8220;#82a8ff&#8220; open_toggle_icon=&#8220;&#xf004;||fa||900&#8243; _builder_version=&#8220;4.27.0&#8243; _module_preset=&#8220;default&#8220; title_font=&#8220;|800|||||||&#8220; border_color_all=&#8220;#82a8ff&#8220; global_colors_info=&#8220;{}&#8220;]<\/p>\n<p>Ich antworte nicht auf SMS, es sei denn, wir haben uns schon einmal getroffen. Im Allgemeinen bevorzuge ich die Kontaktaufnahme per WhatsApp-Nachricht oder Telefonanruf. Meine E-Mail-Adresse steht dir ebenfalls zur Verf\u00fcgung, wenn du lieber auf diesem Weg kommunizieren m\u00f6chtest, obwohl ich sie nicht so h\u00e4ufig abrufe.<\/p>\n<p>Und es gibt keine Regel f\u00fcr die Dauer meiner Reservierungen. Meine regelm\u00e4\u00dfigen Treffen k\u00f6nnen zwei bis drei Stunden dauern, obwohl es manchmal vorkommt, dass sie sich \u00fcber die ganze Nacht hinziehen.<\/p>\n<p>[\/et_pb_toggle][et_pb_toggle title=&#8220;Sind deine Fotos echt? Siehst du wirklich so gut aus wie auf deinen Fotos? K\u00f6nnte ich noch mehr Fotos bekommen?&#8220; icon_color=&#8220;#82a8ff&#8220; toggle_icon=&#8220;&#xf004;||fa||400&#8243; open_icon_color=&#8220;#82a8ff&#8220; open_toggle_icon=&#8220;&#xf004;||fa||900&#8243; _builder_version=&#8220;4.27.0&#8243; _module_preset=&#8220;default&#8220; title_font=&#8220;|800|||||||&#8220; border_color_all=&#8220;#82a8ff&#8220; global_colors_info=&#8220;{}&#8220;]<\/p>\n<p>Ja, das bin ich. Aber die Leute sagen mir oft, dass ich in echt besser aussehe als auf Fotos (ich bin nicht sehr fotogen, lol). Ich bekomme viele Komplimente f\u00fcr meine riesigen schwarzen Augen, vollen Lippen, mein freches L\u00e4cheln und meine Kurven an den richtigen Stellen.<\/p>\n<p>Ich aktualisiere meine Fotos regelm\u00e4\u00dfig und f\u00fcr dich, Gl\u00fcckspilz, habe ich viele Fotos in meiner <a href=\"https:\/\/missmuffin.dating\/de\/fotos\/\">Galerie<\/a> ver\u00f6ffentlicht (yay!), und ich denke, sie geben dir einen guten Eindruck davon, wie ich aussehe, also <b>werde ich keine weiteren Fotos privat schicken<\/b>.<\/p>\n<p>[\/et_pb_toggle][et_pb_toggle title=&#8220;Ich m\u00f6chte dir ein Geschenk kaufen &#8230;&#8220; icon_color=&#8220;#82a8ff&#8220; toggle_icon=&#8220;&#xf004;||fa||400&#8243; open_icon_color=&#8220;#82a8ff&#8220; open_toggle_icon=&#8220;&#xf004;||fa||900&#8243; _builder_version=&#8220;4.27.0&#8243; _module_preset=&#8220;default&#8220; title_font=&#8220;|800|||||||&#8220; border_color_all=&#8220;#82a8ff&#8220; global_colors_info=&#8220;{}&#8220;]<\/p>\n<p>Geschenke werden nicht erwartet, aber sie kommen gut an! Obwohl f\u00fcr mich ein tolles Geschenk mein Tempo und dein Wunsch sind, ungezogen zu sein und eine tolle Zeit zusammen zu haben! \ud83d\ude42 Obwohl das f\u00fcr mich charmant genug ist, kenne ich einige Gentlemen, die gerne etwas mitbringen; in diesem Fall <a href=\"https:\/\/missmuffin.dating\/de\/verwoehn-mich\/\">klicke hier, um zu sehen, welche Dinge meine Beine schwach machen<\/a>.<\/p>\n<p>[\/et_pb_toggle][et_pb_toggle title=&#8220;Was muss ich vorbereiten oder mitbringen, um zu \u201ekochen\u201c?&#8220; icon_color=&#8220;#82a8ff&#8220; toggle_icon=&#8220;&#xf004;||fa||400&#8243; open_icon_color=&#8220;#82a8ff&#8220; open_toggle_icon=&#8220;&#xf004;||fa||900&#8243; _builder_version=&#8220;4.27.0&#8243; _module_preset=&#8220;default&#8220; title_font=&#8220;|800|||||||&#8220; border_color_all=&#8220;#82a8ff&#8220; global_colors_info=&#8220;{}&#8220;]<\/p>\n<p>Meine einzige Bedingung ist, dass du frisch geduscht bist und frischen Atem hast, wenn wir uns treffen. Ich werde genau dasselbe tun (und ein breites L\u00e4cheln mitbringen).<\/p>\n<p>Falls du dich vor deiner Ankunft nicht frisch machen konntest, kannst du problemlos in meiner Wohnung duschen.<\/p>\n<p>[\/et_pb_toggle][et_pb_toggle title=&#8220;Darf ich dich auf einen Drink, zum Mittag- oder Abendessen einladen?&#8220; icon_color=&#8220;#82a8ff&#8220; toggle_icon=&#8220;&#xf004;||fa||400&#8243; open_icon_color=&#8220;#82a8ff&#8220; open_toggle_icon=&#8220;&#xf004;||fa||900&#8243; _builder_version=&#8220;4.27.0&#8243; _module_preset=&#8220;default&#8220; title_font=&#8220;|800|||||||&#8220; border_color_all=&#8220;#82a8ff&#8220; global_colors_info=&#8220;{}&#8220;]<\/p>\n<p>Aber nat\u00fcrlich! Ich liebe Hausbesuche und Verabredungen. Hier findest du <a href=\"https:\/\/missmuffin.dating\/de\/dinner-dates\/\">weitere Informationen zu diesem Service<\/a>.<\/p>\n<p>Du kannst mich auch <a href=\"https:\/\/missmuffin.dating\/de\/reservierungen\/\">direkt mit ins Bett nehmen<\/a>! \ud83d\ude1b<\/p>\n<p>[\/et_pb_toggle][et_pb_toggle title=&#8220;Bist du ein \u201eParty\u201c-Girl?&#8220; icon_color=&#8220;#82a8ff&#8220; toggle_icon=&#8220;&#xf004;||fa||400&#8243; open_icon_color=&#8220;#82a8ff&#8220; open_toggle_icon=&#8220;&#xf004;||fa||900&#8243; _builder_version=&#8220;4.27.0&#8243; _module_preset=&#8220;default&#8220; title_font=&#8220;|800|||||||&#8220; border_color_all=&#8220;#82a8ff&#8220; global_colors_info=&#8220;{}&#8220;]<\/p>\n<p>Nein, das einzige wei\u00dfe Pulver in meinem Haus ist Mehl &#8230; und ich glaube nicht, dass dich das interessiert!<\/p>\n<p>[\/et_pb_toggle][\/et_pb_column][et_pb_column type=&#8220;2_5&#8243; _builder_version=&#8220;4.16&#8243; custom_padding=&#8220;|||&#8220; global_colors_info=&#8220;{}&#8220; custom_padding__hover=&#8220;|||&#8220;][et_pb_image src=&#8220;https:\/\/missmuffin.dating\/wp-content\/uploads\/2025\/01\/Gabri34078.jpg&#8220; title_text=&#8220;Gabri34078&#8243; _builder_version=&#8220;4.27.4&#8243; max_width_tablet=&#8220;400px&#8220; max_width_phone=&#8220;&#8220; max_width_last_edited=&#8220;on|phone&#8220; custom_margin=&#8220;-90px|-10vw||&#8220; custom_margin_tablet=&#8220;0px|0vw|-100px|&#8220; custom_margin_phone=&#8220;&#8220; custom_margin_last_edited=&#8220;on|phone&#8220; animation_style=&#8220;roll&#8220; animation_intensity_roll=&#8220;1%&#8220; hover_enabled=&#8220;0&#8243; border_radii=&#8220;on|706px|706px|706px|706px&#8220; locked=&#8220;off&#8220; global_colors_info=&#8220;{}&#8220; sticky_enabled=&#8220;0&#8243;][\/et_pb_image][\/et_pb_column][\/et_pb_row][\/et_pb_section][et_pb_section fb_built=&#8220;1&#8243; admin_label=&#8220;Footer&#8220; _builder_version=&#8220;4.16&#8243; use_background_color_gradient=&#8220;on&#8220; background_color_gradient_stops=&#8220;#c6eefd 0%|rgba(230,111,175,0.41) 100%&#8220; background_color_gradient_start=&#8220;#c6eefd&#8220; background_color_gradient_end=&#8220;rgba(230,111,175,0.41)&#8220; background_image=&#8220;https:\/\/missmuffin.dating\/wp-content\/uploads\/2024\/08\/candy-shop-12-1.png&#8220; background_size=&#8220;contain&#8220; background_position=&#8220;top_center&#8220; custom_margin=&#8220;||&#8220; custom_padding=&#8220;24vw||8vw|||&#8220; global_colors_info=&#8220;{}&#8220;][et_pb_row _builder_version=&#8220;4.16&#8243; global_colors_info=&#8220;{}&#8220;][et_pb_column type=&#8220;4_4&#8243; _builder_version=&#8220;4.16&#8243; custom_padding=&#8220;|||&#8220; global_colors_info=&#8220;{}&#8220; custom_padding__hover=&#8220;|||&#8220;][et_pb_text _builder_version=&#8220;4.16&#8243; text_font=&#8220;||||||||&#8220; header_2_font=&#8220;Concert One|700||on|||||&#8220; header_2_text_color=&#8220;#ffffff&#8220; header_2_font_size=&#8220;120px&#8220; text_orientation=&#8220;center&#8220; module_alignment=&#8220;center&#8220; header_2_font_size_tablet=&#8220;80px&#8220; header_2_font_size_phone=&#8220;56px&#8220; header_2_font_size_last_edited=&#8220;on|phone&#8220; header_2_text_shadow_style=&#8220;preset1&#8243; header_2_text_shadow_horizontal_length=&#8220;0.04em&#8220; header_2_text_shadow_vertical_length=&#8220;0.14em&#8220; header_2_text_shadow_blur_strength=&#8220;0.33em&#8220; header_2_text_shadow_color=&#8220;rgba(10,45,97,0.16)&#8220; text_text_align=&#8220;center&#8220; locked=&#8220;off&#8220; global_colors_info=&#8220;{}&#8220;]<\/p>\n<h2>Miss Muffin<\/h2>\n<p>[\/et_pb_text][et_pb_text _builder_version=&#8220;4.16&#8243; text_font=&#8220;||||||||&#8220; header_font=&#8220;||||||||&#8220; header_2_font=&#8220;Concert One||||||||&#8220; header_2_text_color=&#8220;#0a2d61&#8243; header_2_font_size=&#8220;64px&#8220; header_2_letter_spacing=&#8220;-2px&#8220; text_orientation=&#8220;center&#8220; max_width=&#8220;800px&#8220; module_alignment=&#8220;center&#8220; custom_margin=&#8220;-70px||&#8220; custom_margin_tablet=&#8220;&#8220; custom_margin_phone=&#8220;-30px||&#8220; custom_margin_last_edited=&#8220;on|desktop&#8220; header_2_font_size_tablet=&#8220;48px&#8220; header_2_font_size_phone=&#8220;32px&#8220; header_2_font_size_last_edited=&#8220;on|phone&#8220; text_text_align=&#8220;center&#8220; locked=&#8220;off&#8220; global_colors_info=&#8220;{}&#8220;]<\/p>\n<h1>Unabh\u00e4ngiges Escort in Z\u00fcrich<\/h1>\n<p>[\/et_pb_text][et_pb_text _builder_version=&#8220;4.27.0&#8243; text_font=&#8220;||||||||&#8220; header_font=&#8220;||||||||&#8220; header_4_font=&#8220;Concert One||||||||&#8220; header_4_text_align=&#8220;center&#8220; header_4_font_size=&#8220;20px&#8220; header_4_line_height=&#8220;1.5em&#8220; background_layout=&#8220;dark&#8220; max_width=&#8220;800px&#8220; module_alignment=&#8220;center&#8220; header_4_font_size_tablet=&#8220;&#8220; header_4_font_size_phone=&#8220;15px&#8220; header_4_font_size_last_edited=&#8220;on|desktop&#8220; locked=&#8220;off&#8220; global_colors_info=&#8220;{}&#8220;]<\/p>\n<h4><span>Copyright \u00a92024 Miss Muffin<\/span><\/h4>\n<p>[\/et_pb_text][\/et_pb_column][\/et_pb_row][\/et_pb_section]<\/p>\n","protected":false},"excerpt":{"rendered":"<p>FAQsHast du noch weitere Fragen?Hier sind einige der Fragen, die mir h\u00e4ufig gestellt werden. Wenn ihr weitere Fragen habt, k\u00f6nnt ihr euch gerne an mich wenden!AntwortenDas Alter ist f\u00fcr mich nur wichtig, wenn du ein K\u00e4se oder ein Wein bist. Mit anderen Worten, es ist nicht wichtig. Ich freue mich \u00fcber Besuche von Herren ab [&hellip;]<\/p>\n","protected":false},"author":1,"featured_media":0,"parent":0,"menu_order":0,"comment_status":"closed","ping_status":"closed","template":"","meta":{"_seopress_robots_primary_cat":"","_seopress_titles_title":"","_seopress_titles_desc":"Hier sind einige der Fragen, die mir h\u00e4ufig gestellt werden.","_seopress_robots_index":"","_et_pb_use_builder":"on","_et_pb_old_content":"","_et_gb_content_width":"","uix_meta_title":"","uix_meta_description":"","uix_canonical_url":"","footnotes":""},"class_list":["post-1056","page","type-page","status-publish","hentry"],"_links":{"self":[{"href":"https:\/\/missmuffin.dating\/de\/wp-json\/wp\/v2\/pages\/1056","targetHints":{"allow":["GET"]}}],"collection":[{"href":"https:\/\/missmuffin.dating\/de\/wp-json\/wp\/v2\/pages"}],"about":[{"href":"https:\/\/missmuffin.dating\/de\/wp-json\/wp\/v2\/types\/page"}],"author":[{"embeddable":true,"href":"https:\/\/missmuffin.dating\/de\/wp-json\/wp\/v2\/users\/1"}],"replies":[{"embeddable":true,"href":"https:\/\/missmuffin.dating\/de\/wp-json\/wp\/v2\/comments?post=1056"}],"version-history":[{"count":3,"href":"https:\/\/missmuffin.dating\/de\/wp-json\/wp\/v2\/pages\/1056\/revisions"}],"predecessor-version":[{"id":1794,"href":"https:\/\/missmuffin.dating\/de\/wp-json\/wp\/v2\/pages\/1056\/revisions\/1794"}],"wp:attachment":[{"href":"https:\/\/missmuffin.dating\/de\/wp-json\/wp\/v2\/media?parent=1056"}],"curies":[{"name":"wp","href":"https:\/\/api.w.org\/{rel}","templated":true}]}}